{"id":93077,"date":"2022-07-11T17:32:26","date_gmt":"2022-07-11T16:13:07","guid":{"rendered":"https:\/\/emaille-hiller.com\/product\/mb-stylo-emaille-set-de-mines\/"},"modified":"2024-09-07T18:50:27","modified_gmt":"2024-09-07T16:50:27","slug":"mb-stylo-emaille-set-de-mines","status":"publish","type":"product","link":"https:\/\/emaille-hiller.com\/fr\/produit\/mb-stylo-emaille-set-de-mines\/","title":{"rendered":"MB Stylo \u00c9maille &#8211; Set de mines"},"content":{"rendered":"<p>Le set contient des mines de trois diam\u00e8tres diff\u00e9rents et une tige de nettoyage. Ils peuvent \u00eatre facilement \u00e9chang\u00e9s et nettoy\u00e9s afin que vous puissiez les utiliser pour des couleurs diff\u00e9rentes. Les mines vous donnent la possibilit\u00e9 de peindre des lignes et des points encore plus fins qu&rsquo;avec le stylo-\u00e9mail.<\/p>\n","protected":false},"excerpt":{"rendered":"<p>Le set contient des mines de trois diam\u00e8tres diff\u00e9rents et une tige de nettoyage. Ils peuvent \u00eatre facilement \u00e9chang\u00e9s et nettoy\u00e9s afin que vous puissiez les utiliser pour des couleurs diff\u00e9rentes. Les mines vous donnent la possibilit\u00e9 de peindre des lignes et des points encore plus fins qu&rsquo;avec le stylo-\u00e9mail.<\/p>\n","protected":false},"featured_media":93073,"template":"","meta":{"_bbp_topic_count":0,"_bbp_reply_count":0,"_bbp_total_topic_count":0,"_bbp_total_reply_count":0,"_bbp_voice_count":0,"_bbp_anonymous_reply_count":0,"_bbp_topic_count_hidden":0,"_bbp_reply_count_hidden":0,"_bbp_forum_subforum_count":0},"product_brand":[],"product_cat":[179],"product_tag":[],"class_list":{"0":"post-93077","1":"product","2":"type-product","3":"status-publish","4":"has-post-thumbnail","6":"product_cat-sans-categorie","8":"first","9":"instock","10":"taxable","11":"shipping-taxable","12":"purchasable","13":"product-type-simple"},"supplier_id":null,"supplier_sku":"","barcode":null,"atum_controlled":true,"out_stock_date":null,"out_stock_threshold":null,"inheritable":false,"inbound_stock":0,"stock_on_hold":0,"sold_today":0,"sales_last_days":0,"reserved_stock":0,"customer_returns":0,"warehouse_damage":0,"lost_in_post":0,"other_logs":0,"out_stock_days":0,"lost_sales":0,"has_location":false,"update_date":"2025-09-24T07:14:27","atum_locations":[],"atum_stock_status":"instock","restock_status":false,"low_stock_amount":"","sales_update_date":"2025-09-24T07:14:27","calc_backorders":null,"yoast_head":"<!-- This site is optimized with the Yoast SEO plugin v27.5 - https:\/\/yoast.com\/product\/yoast-seo-wordpress\/ -->\n<title>MB Stylo \u00c9maille - Set de mines - Emaille Hiller<\/title>\n<meta name=\"robots\" content=\"index, follow, max-snippet:-1, max-image-preview:large, max-video-preview:-1\" \/>\n<link rel=\"canonical\" href=\"https:\/\/emaille-hiller.com\/fr\/produit\/mb-stylo-emaille-set-de-mines\/\" \/>\n<meta property=\"og:locale\" content=\"fr_FR\" \/>\n<meta property=\"og:type\" content=\"article\" \/>\n<meta property=\"og:title\" content=\"MB Stylo \u00c9maille - Set de mines - Emaille Hiller\" \/>\n<meta property=\"og:description\" content=\"Le set contient des mines de trois diam\u00e8tres diff\u00e9rents et une tige de nettoyage. Ils peuvent \u00eatre facilement \u00e9chang\u00e9s et nettoy\u00e9s afin que vous puissiez les utiliser pour des couleurs diff\u00e9rentes. Les mines vous donnent la possibilit\u00e9 de peindre des lignes et des points encore plus fins qu&#039;avec le stylo-\u00e9mail.\" \/>\n<meta property=\"og:url\" content=\"https:\/\/emaille-hiller.com\/fr\/produit\/mb-stylo-emaille-set-de-mines\/\" \/>\n<meta property=\"og:site_name\" content=\"Emaille Hiller\" \/>\n<meta property=\"article:modified_time\" content=\"2024-09-07T16:50:27+00:00\" \/>\n<meta property=\"og:image\" content=\"https:\/\/emaille-hiller.com\/wp-content\/uploads\/2022\/07\/IMG-20220711-WA0002.jpg\" \/>\n\t<meta property=\"og:image:width\" content=\"1600\" \/>\n\t<meta property=\"og:image:height\" content=\"1193\" \/>\n\t<meta property=\"og:image:type\" content=\"image\/jpeg\" \/>\n<meta name=\"twitter:card\" content=\"summary_large_image\" \/>\n<script type=\"application\/ld+json\" class=\"yoast-schema-graph\">{\"@context\":\"https:\\\/\\\/schema.org\",\"@graph\":[{\"@type\":\"WebPage\",\"@id\":\"https:\\\/\\\/emaille-hiller.com\\\/fr\\\/produit\\\/mb-stylo-emaille-set-de-mines\\\/\",\"url\":\"https:\\\/\\\/emaille-hiller.com\\\/fr\\\/produit\\\/mb-stylo-emaille-set-de-mines\\\/\",\"name\":\"MB Stylo \u00c9maille - Set de mines - Emaille Hiller\",\"isPartOf\":{\"@id\":\"https:\\\/\\\/emaille-hiller.com\\\/fr\\\/#website\"},\"primaryImageOfPage\":{\"@id\":\"https:\\\/\\\/emaille-hiller.com\\\/fr\\\/produit\\\/mb-stylo-emaille-set-de-mines\\\/#primaryimage\"},\"image\":{\"@id\":\"https:\\\/\\\/emaille-hiller.com\\\/fr\\\/produit\\\/mb-stylo-emaille-set-de-mines\\\/#primaryimage\"},\"thumbnailUrl\":\"https:\\\/\\\/emaille-hiller.com\\\/wp-content\\\/uploads\\\/2022\\\/07\\\/IMG-20220711-WA0002.jpg\",\"datePublished\":\"2022-07-11T16:13:07+00:00\",\"dateModified\":\"2024-09-07T16:50:27+00:00\",\"breadcrumb\":{\"@id\":\"https:\\\/\\\/emaille-hiller.com\\\/fr\\\/produit\\\/mb-stylo-emaille-set-de-mines\\\/#breadcrumb\"},\"inLanguage\":\"fr-FR\",\"potentialAction\":[{\"@type\":\"ReadAction\",\"target\":[\"https:\\\/\\\/emaille-hiller.com\\\/fr\\\/produit\\\/mb-stylo-emaille-set-de-mines\\\/\"]}]},{\"@type\":\"ImageObject\",\"inLanguage\":\"fr-FR\",\"@id\":\"https:\\\/\\\/emaille-hiller.com\\\/fr\\\/produit\\\/mb-stylo-emaille-set-de-mines\\\/#primaryimage\",\"url\":\"https:\\\/\\\/emaille-hiller.com\\\/wp-content\\\/uploads\\\/2022\\\/07\\\/IMG-20220711-WA0002.jpg\",\"contentUrl\":\"https:\\\/\\\/emaille-hiller.com\\\/wp-content\\\/uploads\\\/2022\\\/07\\\/IMG-20220711-WA0002.jpg\",\"width\":1600,\"height\":1193},{\"@type\":\"BreadcrumbList\",\"@id\":\"https:\\\/\\\/emaille-hiller.com\\\/fr\\\/produit\\\/mb-stylo-emaille-set-de-mines\\\/#breadcrumb\",\"itemListElement\":[{\"@type\":\"ListItem\",\"position\":1,\"name\":\"Home\",\"item\":\"https:\\\/\\\/emaille-hiller.com\\\/fr\\\/accueil\\\/\"},{\"@type\":\"ListItem\",\"position\":2,\"name\":\"Boutique D\u00e9faut\",\"item\":\"https:\\\/\\\/emaille-hiller.com\\\/fr\\\/boutique-defaut\\\/\"},{\"@type\":\"ListItem\",\"position\":3,\"name\":\"MB Stylo \u00c9maille &#8211; Set de mines\"}]},{\"@type\":\"WebSite\",\"@id\":\"https:\\\/\\\/emaille-hiller.com\\\/fr\\\/#website\",\"url\":\"https:\\\/\\\/emaille-hiller.com\\\/fr\\\/\",\"name\":\"Emaille Hiller\",\"description\":\"All you need for enameling\",\"potentialAction\":[{\"@type\":\"SearchAction\",\"target\":{\"@type\":\"EntryPoint\",\"urlTemplate\":\"https:\\\/\\\/emaille-hiller.com\\\/fr\\\/?s={search_term_string}\"},\"query-input\":{\"@type\":\"PropertyValueSpecification\",\"valueRequired\":true,\"valueName\":\"search_term_string\"}}],\"inLanguage\":\"fr-FR\"}]}<\/script>\n<!-- \/ Yoast SEO plugin. -->","yoast_head_json":{"title":"MB Stylo \u00c9maille - Set de mines - Emaille Hiller","robots":{"index":"index","follow":"follow","max-snippet":"max-snippet:-1","max-image-preview":"max-image-preview:large","max-video-preview":"max-video-preview:-1"},"canonical":"https:\/\/emaille-hiller.com\/fr\/produit\/mb-stylo-emaille-set-de-mines\/","og_locale":"fr_FR","og_type":"article","og_title":"MB Stylo \u00c9maille - Set de mines - Emaille Hiller","og_description":"Le set contient des mines de trois diam\u00e8tres diff\u00e9rents et une tige de nettoyage. Ils peuvent \u00eatre facilement \u00e9chang\u00e9s et nettoy\u00e9s afin que vous puissiez les utiliser pour des couleurs diff\u00e9rentes. Les mines vous donnent la possibilit\u00e9 de peindre des lignes et des points encore plus fins qu'avec le stylo-\u00e9mail.","og_url":"https:\/\/emaille-hiller.com\/fr\/produit\/mb-stylo-emaille-set-de-mines\/","og_site_name":"Emaille Hiller","article_modified_time":"2024-09-07T16:50:27+00:00","og_image":[{"width":1600,"height":1193,"url":"https:\/\/emaille-hiller.com\/wp-content\/uploads\/2022\/07\/IMG-20220711-WA0002.jpg","type":"image\/jpeg"}],"twitter_card":"summary_large_image","schema":{"@context":"https:\/\/schema.org","@graph":[{"@type":"WebPage","@id":"https:\/\/emaille-hiller.com\/fr\/produit\/mb-stylo-emaille-set-de-mines\/","url":"https:\/\/emaille-hiller.com\/fr\/produit\/mb-stylo-emaille-set-de-mines\/","name":"MB Stylo \u00c9maille - Set de mines - Emaille Hiller","isPartOf":{"@id":"https:\/\/emaille-hiller.com\/fr\/#website"},"primaryImageOfPage":{"@id":"https:\/\/emaille-hiller.com\/fr\/produit\/mb-stylo-emaille-set-de-mines\/#primaryimage"},"image":{"@id":"https:\/\/emaille-hiller.com\/fr\/produit\/mb-stylo-emaille-set-de-mines\/#primaryimage"},"thumbnailUrl":"https:\/\/emaille-hiller.com\/wp-content\/uploads\/2022\/07\/IMG-20220711-WA0002.jpg","datePublished":"2022-07-11T16:13:07+00:00","dateModified":"2024-09-07T16:50:27+00:00","breadcrumb":{"@id":"https:\/\/emaille-hiller.com\/fr\/produit\/mb-stylo-emaille-set-de-mines\/#breadcrumb"},"inLanguage":"fr-FR","potentialAction":[{"@type":"ReadAction","target":["https:\/\/emaille-hiller.com\/fr\/produit\/mb-stylo-emaille-set-de-mines\/"]}]},{"@type":"ImageObject","inLanguage":"fr-FR","@id":"https:\/\/emaille-hiller.com\/fr\/produit\/mb-stylo-emaille-set-de-mines\/#primaryimage","url":"https:\/\/emaille-hiller.com\/wp-content\/uploads\/2022\/07\/IMG-20220711-WA0002.jpg","contentUrl":"https:\/\/emaille-hiller.com\/wp-content\/uploads\/2022\/07\/IMG-20220711-WA0002.jpg","width":1600,"height":1193},{"@type":"BreadcrumbList","@id":"https:\/\/emaille-hiller.com\/fr\/produit\/mb-stylo-emaille-set-de-mines\/#breadcrumb","itemListElement":[{"@type":"ListItem","position":1,"name":"Home","item":"https:\/\/emaille-hiller.com\/fr\/accueil\/"},{"@type":"ListItem","position":2,"name":"Boutique D\u00e9faut","item":"https:\/\/emaille-hiller.com\/fr\/boutique-defaut\/"},{"@type":"ListItem","position":3,"name":"MB Stylo \u00c9maille &#8211; Set de mines"}]},{"@type":"WebSite","@id":"https:\/\/emaille-hiller.com\/fr\/#website","url":"https:\/\/emaille-hiller.com\/fr\/","name":"Emaille Hiller","description":"All you need for enameling","potentialAction":[{"@type":"SearchAction","target":{"@type":"EntryPoint","urlTemplate":"https:\/\/emaille-hiller.com\/fr\/?s={search_term_string}"},"query-input":{"@type":"PropertyValueSpecification","valueRequired":true,"valueName":"search_term_string"}}],"inLanguage":"fr-FR"}]}},"jetpack_sharing_enabled":true,"_links":{"self":[{"href":"https:\/\/emaille-hiller.com\/fr\/wp-json\/wp\/v2\/product\/93077","targetHints":{"allow":["GET"]}}],"collection":[{"href":"https:\/\/emaille-hiller.com\/fr\/wp-json\/wp\/v2\/product"}],"about":[{"href":"https:\/\/emaille-hiller.com\/fr\/wp-json\/wp\/v2\/types\/product"}],"wp:featuredmedia":[{"embeddable":true,"href":"https:\/\/emaille-hiller.com\/fr\/wp-json\/wp\/v2\/media\/93073"}],"wp:attachment":[{"href":"https:\/\/emaille-hiller.com\/fr\/wp-json\/wp\/v2\/media?parent=93077"}],"wp:term":[{"taxonomy":"product_brand","embeddable":true,"href":"https:\/\/emaille-hiller.com\/fr\/wp-json\/wp\/v2\/product_brand?post=93077"},{"taxonomy":"product_cat","embeddable":true,"href":"https:\/\/emaille-hiller.com\/fr\/wp-json\/wp\/v2\/product_cat?post=93077"},{"taxonomy":"product_tag","embeddable":true,"href":"https:\/\/emaille-hiller.com\/fr\/wp-json\/wp\/v2\/product_tag?post=93077"}],"curies":[{"name":"wp","href":"https:\/\/api.w.org\/{rel}","templated":true}]}}