{"id":83307,"date":"2021-01-25T12:28:17","date_gmt":"2021-12-14T11:15:22","guid":{"rendered":"https:\/\/emaille-hiller.com\/product\/mille-fiorie-711\/"},"modified":"2022-01-16T09:05:50","modified_gmt":"2022-01-16T08:05:50","slug":"mille-fiorie-711-fr","status":"publish","type":"product","link":"https:\/\/emaille-hiller.com\/fr\/produit\/mille-fiorie-711-fr\/","title":{"rendered":"Mille Fiorie 711"},"content":{"rendered":"<p>Des petites fleurs pr\u00e9-\u00e9maill\u00e9es peuvent \u00eatre int\u00e9gr\u00e9es comme points forts d\u00e9coratifs sur l&rsquo;\u0153uvre d&rsquo;art. <\/p>\n","protected":false},"excerpt":{"rendered":"<p>Des petites fleurs pr\u00e9-\u00e9maill\u00e9es peuvent \u00eatre int\u00e9gr\u00e9es comme points forts d\u00e9coratifs sur  &#8230;<\/p>\n","protected":false},"featured_media":91968,"template":"","meta":{"_bbp_topic_count":0,"_bbp_reply_count":0,"_bbp_total_topic_count":0,"_bbp_total_reply_count":0,"_bbp_voice_count":0,"_bbp_anonymous_reply_count":0,"_bbp_topic_count_hidden":0,"_bbp_reply_count_hidden":0,"_bbp_forum_subforum_count":0},"product_brand":[],"product_cat":[174,175],"product_tag":[],"class_list":{"0":"post-83307","1":"product","2":"type-product","3":"status-publish","4":"has-post-thumbnail","6":"product_cat-emaux-avec-plomb","7":"product_cat-emaux-speciaux","8":"pa_weight-100g-fr","9":"pa_weight-50g-fr","11":"first","12":"instock","13":"taxable","14":"shipping-taxable","15":"purchasable","16":"product-type-variable"},"supplier_id":null,"supplier_sku":"","barcode":null,"atum_controlled":true,"out_stock_date":null,"out_stock_threshold":null,"inheritable":true,"inbound_stock":0,"stock_on_hold":0,"sold_today":0,"sales_last_days":2,"reserved_stock":0,"customer_returns":0,"warehouse_damage":0,"lost_in_post":0,"other_logs":0,"out_stock_days":0,"lost_sales":0,"has_location":false,"update_date":"2023-03-07T13:46:45","atum_locations":[],"atum_stock_status":"instock","restock_status":false,"low_stock_amount":"","sales_update_date":"2023-03-07T13:46:45","calc_backorders":null,"yoast_head":"<!-- This site is optimized with the Yoast SEO plugin v27.5 - https:\/\/yoast.com\/product\/yoast-seo-wordpress\/ -->\n<title>Mille Fiorie 711 - Emaille Hiller<\/title>\n<meta name=\"robots\" content=\"index, follow, max-snippet:-1, max-image-preview:large, max-video-preview:-1\" \/>\n<link rel=\"canonical\" href=\"https:\/\/emaille-hiller.com\/fr\/produit\/mille-fiorie-711-fr\/\" \/>\n<meta property=\"og:locale\" content=\"fr_FR\" \/>\n<meta property=\"og:type\" content=\"article\" \/>\n<meta property=\"og:title\" content=\"Mille Fiorie 711 - Emaille Hiller\" \/>\n<meta property=\"og:description\" content=\"Des petites fleurs pr\u00e9-\u00e9maill\u00e9es peuvent \u00eatre int\u00e9gr\u00e9es comme points forts d\u00e9coratifs sur ...\" \/>\n<meta property=\"og:url\" content=\"https:\/\/emaille-hiller.com\/fr\/produit\/mille-fiorie-711-fr\/\" \/>\n<meta property=\"og:site_name\" content=\"Emaille Hiller\" \/>\n<meta property=\"article:modified_time\" content=\"2022-01-16T08:05:50+00:00\" \/>\n<meta property=\"og:image\" content=\"https:\/\/emaille-hiller.com\/wp-content\/uploads\/2021\/01\/Mille-Fiori-scaled.jpg\" \/>\n\t<meta property=\"og:image:width\" content=\"2560\" \/>\n\t<meta property=\"og:image:height\" content=\"2294\" \/>\n\t<meta property=\"og:image:type\" content=\"image\/jpeg\" \/>\n<meta name=\"twitter:card\" content=\"summary_large_image\" \/>\n<script type=\"application\/ld+json\" class=\"yoast-schema-graph\">{\"@context\":\"https:\\\/\\\/schema.org\",\"@graph\":[{\"@type\":\"WebPage\",\"@id\":\"https:\\\/\\\/emaille-hiller.com\\\/fr\\\/produit\\\/mille-fiorie-711-fr\\\/\",\"url\":\"https:\\\/\\\/emaille-hiller.com\\\/fr\\\/produit\\\/mille-fiorie-711-fr\\\/\",\"name\":\"Mille Fiorie 711 - Emaille Hiller\",\"isPartOf\":{\"@id\":\"https:\\\/\\\/emaille-hiller.com\\\/fr\\\/#website\"},\"primaryImageOfPage\":{\"@id\":\"https:\\\/\\\/emaille-hiller.com\\\/fr\\\/produit\\\/mille-fiorie-711-fr\\\/#primaryimage\"},\"image\":{\"@id\":\"https:\\\/\\\/emaille-hiller.com\\\/fr\\\/produit\\\/mille-fiorie-711-fr\\\/#primaryimage\"},\"thumbnailUrl\":\"https:\\\/\\\/emaille-hiller.com\\\/wp-content\\\/uploads\\\/2021\\\/01\\\/Mille-Fiori-scaled.jpg\",\"datePublished\":\"2021-12-14T11:15:22+00:00\",\"dateModified\":\"2022-01-16T08:05:50+00:00\",\"breadcrumb\":{\"@id\":\"https:\\\/\\\/emaille-hiller.com\\\/fr\\\/produit\\\/mille-fiorie-711-fr\\\/#breadcrumb\"},\"inLanguage\":\"fr-FR\",\"potentialAction\":[{\"@type\":\"ReadAction\",\"target\":[\"https:\\\/\\\/emaille-hiller.com\\\/fr\\\/produit\\\/mille-fiorie-711-fr\\\/\"]}]},{\"@type\":\"ImageObject\",\"inLanguage\":\"fr-FR\",\"@id\":\"https:\\\/\\\/emaille-hiller.com\\\/fr\\\/produit\\\/mille-fiorie-711-fr\\\/#primaryimage\",\"url\":\"https:\\\/\\\/emaille-hiller.com\\\/wp-content\\\/uploads\\\/2021\\\/01\\\/Mille-Fiori-scaled.jpg\",\"contentUrl\":\"https:\\\/\\\/emaille-hiller.com\\\/wp-content\\\/uploads\\\/2021\\\/01\\\/Mille-Fiori-scaled.jpg\",\"width\":2560,\"height\":2294},{\"@type\":\"BreadcrumbList\",\"@id\":\"https:\\\/\\\/emaille-hiller.com\\\/fr\\\/produit\\\/mille-fiorie-711-fr\\\/#breadcrumb\",\"itemListElement\":[{\"@type\":\"ListItem\",\"position\":1,\"name\":\"Home\",\"item\":\"https:\\\/\\\/emaille-hiller.com\\\/fr\\\/accueil\\\/\"},{\"@type\":\"ListItem\",\"position\":2,\"name\":\"Boutique D\u00e9faut\",\"item\":\"https:\\\/\\\/emaille-hiller.com\\\/fr\\\/boutique-defaut\\\/\"},{\"@type\":\"ListItem\",\"position\":3,\"name\":\"Mille Fiorie 711\"}]},{\"@type\":\"WebSite\",\"@id\":\"https:\\\/\\\/emaille-hiller.com\\\/fr\\\/#website\",\"url\":\"https:\\\/\\\/emaille-hiller.com\\\/fr\\\/\",\"name\":\"Emaille Hiller\",\"description\":\"All you need for enameling\",\"potentialAction\":[{\"@type\":\"SearchAction\",\"target\":{\"@type\":\"EntryPoint\",\"urlTemplate\":\"https:\\\/\\\/emaille-hiller.com\\\/fr\\\/?s={search_term_string}\"},\"query-input\":{\"@type\":\"PropertyValueSpecification\",\"valueRequired\":true,\"valueName\":\"search_term_string\"}}],\"inLanguage\":\"fr-FR\"}]}<\/script>\n<!-- \/ Yoast SEO plugin. -->","yoast_head_json":{"title":"Mille Fiorie 711 - Emaille Hiller","robots":{"index":"index","follow":"follow","max-snippet":"max-snippet:-1","max-image-preview":"max-image-preview:large","max-video-preview":"max-video-preview:-1"},"canonical":"https:\/\/emaille-hiller.com\/fr\/produit\/mille-fiorie-711-fr\/","og_locale":"fr_FR","og_type":"article","og_title":"Mille Fiorie 711 - Emaille Hiller","og_description":"Des petites fleurs pr\u00e9-\u00e9maill\u00e9es peuvent \u00eatre int\u00e9gr\u00e9es comme points forts d\u00e9coratifs sur ...","og_url":"https:\/\/emaille-hiller.com\/fr\/produit\/mille-fiorie-711-fr\/","og_site_name":"Emaille Hiller","article_modified_time":"2022-01-16T08:05:50+00:00","og_image":[{"width":2560,"height":2294,"url":"https:\/\/emaille-hiller.com\/wp-content\/uploads\/2021\/01\/Mille-Fiori-scaled.jpg","type":"image\/jpeg"}],"twitter_card":"summary_large_image","schema":{"@context":"https:\/\/schema.org","@graph":[{"@type":"WebPage","@id":"https:\/\/emaille-hiller.com\/fr\/produit\/mille-fiorie-711-fr\/","url":"https:\/\/emaille-hiller.com\/fr\/produit\/mille-fiorie-711-fr\/","name":"Mille Fiorie 711 - Emaille Hiller","isPartOf":{"@id":"https:\/\/emaille-hiller.com\/fr\/#website"},"primaryImageOfPage":{"@id":"https:\/\/emaille-hiller.com\/fr\/produit\/mille-fiorie-711-fr\/#primaryimage"},"image":{"@id":"https:\/\/emaille-hiller.com\/fr\/produit\/mille-fiorie-711-fr\/#primaryimage"},"thumbnailUrl":"https:\/\/emaille-hiller.com\/wp-content\/uploads\/2021\/01\/Mille-Fiori-scaled.jpg","datePublished":"2021-12-14T11:15:22+00:00","dateModified":"2022-01-16T08:05:50+00:00","breadcrumb":{"@id":"https:\/\/emaille-hiller.com\/fr\/produit\/mille-fiorie-711-fr\/#breadcrumb"},"inLanguage":"fr-FR","potentialAction":[{"@type":"ReadAction","target":["https:\/\/emaille-hiller.com\/fr\/produit\/mille-fiorie-711-fr\/"]}]},{"@type":"ImageObject","inLanguage":"fr-FR","@id":"https:\/\/emaille-hiller.com\/fr\/produit\/mille-fiorie-711-fr\/#primaryimage","url":"https:\/\/emaille-hiller.com\/wp-content\/uploads\/2021\/01\/Mille-Fiori-scaled.jpg","contentUrl":"https:\/\/emaille-hiller.com\/wp-content\/uploads\/2021\/01\/Mille-Fiori-scaled.jpg","width":2560,"height":2294},{"@type":"BreadcrumbList","@id":"https:\/\/emaille-hiller.com\/fr\/produit\/mille-fiorie-711-fr\/#breadcrumb","itemListElement":[{"@type":"ListItem","position":1,"name":"Home","item":"https:\/\/emaille-hiller.com\/fr\/accueil\/"},{"@type":"ListItem","position":2,"name":"Boutique D\u00e9faut","item":"https:\/\/emaille-hiller.com\/fr\/boutique-defaut\/"},{"@type":"ListItem","position":3,"name":"Mille Fiorie 711"}]},{"@type":"WebSite","@id":"https:\/\/emaille-hiller.com\/fr\/#website","url":"https:\/\/emaille-hiller.com\/fr\/","name":"Emaille Hiller","description":"All you need for enameling","potentialAction":[{"@type":"SearchAction","target":{"@type":"EntryPoint","urlTemplate":"https:\/\/emaille-hiller.com\/fr\/?s={search_term_string}"},"query-input":{"@type":"PropertyValueSpecification","valueRequired":true,"valueName":"search_term_string"}}],"inLanguage":"fr-FR"}]}},"jetpack_sharing_enabled":true,"_links":{"self":[{"href":"https:\/\/emaille-hiller.com\/fr\/wp-json\/wp\/v2\/product\/83307","targetHints":{"allow":["GET"]}}],"collection":[{"href":"https:\/\/emaille-hiller.com\/fr\/wp-json\/wp\/v2\/product"}],"about":[{"href":"https:\/\/emaille-hiller.com\/fr\/wp-json\/wp\/v2\/types\/product"}],"wp:featuredmedia":[{"embeddable":true,"href":"https:\/\/emaille-hiller.com\/fr\/wp-json\/wp\/v2\/media\/91968"}],"wp:attachment":[{"href":"https:\/\/emaille-hiller.com\/fr\/wp-json\/wp\/v2\/media?parent=83307"}],"wp:term":[{"taxonomy":"product_brand","embeddable":true,"href":"https:\/\/emaille-hiller.com\/fr\/wp-json\/wp\/v2\/product_brand?post=83307"},{"taxonomy":"product_cat","embeddable":true,"href":"https:\/\/emaille-hiller.com\/fr\/wp-json\/wp\/v2\/product_cat?post=83307"},{"taxonomy":"product_tag","embeddable":true,"href":"https:\/\/emaille-hiller.com\/fr\/wp-json\/wp\/v2\/product_tag?post=83307"}],"curies":[{"name":"wp","href":"https:\/\/api.w.org\/{rel}","templated":true}]}}