{"id":83303,"date":"2021-01-25T12:50:22","date_gmt":"2021-12-14T11:12:34","guid":{"rendered":"https:\/\/emaille-hiller.com\/product\/four-efco-180\/"},"modified":"2022-01-16T09:05:48","modified_gmt":"2022-01-16T08:05:48","slug":"four-efco-180","status":"publish","type":"product","link":"https:\/\/emaille-hiller.com\/fr\/produit\/four-efco-180\/","title":{"rendered":"Four EFCO 180"},"content":{"rendered":"<p>Ce four \u00e0 moufle chauff\u00e9 polyvalent s\u00e9duit par son design compact. La haute conductibilit\u00e9 thermique vous permet de travailler sur toutes les techniques de combustion entre 400\u00b0C et 1100\u00b0C. En outre, vous pouvez utiliser ce four pour cuire du verre et de la c\u00e9ramique, ainsi que pour recuire et durcir des m\u00e9taux et des outils. La plus grande chambre de combustion permet de cuir des pi\u00e8ces plus grandes.<\/p>\n<p><strong>Sp\u00e9cifications<\/strong><\/p>\n<ul>\n<li>Temp\u00e9rature max. : 1100\u00b0C<\/li>\n<li>Connexion \u00e9lectrique : 230V~, 1200W, 10A<\/li>\n<li>Dimensions ext\u00e9rieures : 32 x 30 x 41 cm<\/li>\n<li>Dimensions de l&rsquo;espace de cuisson : 11.5 x 19 x 22.5 cm = 4650ccm<\/li>\n<li>Poids: 14.1 kg<\/li>\n<\/ul>\n<p>&nbsp;<\/p>\n","protected":false},"excerpt":{"rendered":"<p>Ce four \u00e0 moufle chauff\u00e9 polyvalent s\u00e9duit par son design compact. La  &#8230;<\/p>\n","protected":false},"featured_media":37121,"template":"","meta":{"_bbp_topic_count":0,"_bbp_reply_count":0,"_bbp_total_topic_count":0,"_bbp_total_reply_count":0,"_bbp_voice_count":0,"_bbp_anonymous_reply_count":0,"_bbp_topic_count_hidden":0,"_bbp_reply_count_hidden":0,"_bbp_forum_subforum_count":0},"product_brand":[],"product_cat":[176],"product_tag":[],"class_list":{"0":"post-83303","1":"product","2":"type-product","3":"status-publish","4":"has-post-thumbnail","6":"product_cat-fours","8":"first","9":"instock","10":"taxable","11":"shipping-taxable","12":"purchasable","13":"product-type-simple"},"supplier_id":null,"supplier_sku":"9950081","barcode":null,"atum_controlled":true,"out_stock_date":null,"out_stock_threshold":null,"inheritable":false,"inbound_stock":0,"stock_on_hold":0,"sold_today":0,"sales_last_days":0,"reserved_stock":0,"customer_returns":0,"warehouse_damage":0,"lost_in_post":0,"other_logs":0,"out_stock_days":0,"lost_sales":0,"has_location":false,"update_date":"2026-04-03T08:15:32","atum_locations":[],"atum_stock_status":"instock","restock_status":false,"low_stock_amount":"","sales_update_date":"2026-04-03T08:15:32","calc_backorders":null,"yoast_head":"<!-- This site is optimized with the Yoast SEO plugin v27.6 - https:\/\/yoast.com\/product\/yoast-seo-wordpress\/ -->\n<title>Four EFCO 180 - Emaille Hiller<\/title>\n<meta name=\"robots\" content=\"index, follow, max-snippet:-1, max-image-preview:large, max-video-preview:-1\" \/>\n<link rel=\"canonical\" href=\"https:\/\/emaille-hiller.com\/fr\/produit\/four-efco-180\/\" \/>\n<meta property=\"og:locale\" content=\"fr_FR\" \/>\n<meta property=\"og:type\" content=\"article\" \/>\n<meta property=\"og:title\" content=\"Four EFCO 180 - Emaille Hiller\" \/>\n<meta property=\"og:description\" content=\"Ce four \u00e0 moufle chauff\u00e9 polyvalent s\u00e9duit par son design compact. La ...\" \/>\n<meta property=\"og:url\" content=\"https:\/\/emaille-hiller.com\/fr\/produit\/four-efco-180\/\" \/>\n<meta property=\"og:site_name\" content=\"Emaille Hiller\" \/>\n<meta property=\"article:modified_time\" content=\"2022-01-16T08:05:48+00:00\" \/>\n<meta property=\"og:image\" content=\"https:\/\/emaille-hiller.com\/wp-content\/uploads\/2021\/02\/kiln_180.jpg\" \/>\n\t<meta property=\"og:image:width\" content=\"500\" \/>\n\t<meta property=\"og:image:height\" content=\"500\" \/>\n\t<meta property=\"og:image:type\" content=\"image\/jpeg\" \/>\n<meta name=\"twitter:card\" content=\"summary_large_image\" \/>\n<meta name=\"twitter:label1\" content=\"Dur\u00e9e de lecture estim\u00e9e\" \/>\n\t<meta name=\"twitter:data1\" content=\"1 minute\" \/>\n<script type=\"application\/ld+json\" class=\"yoast-schema-graph\">{\"@context\":\"https:\\\/\\\/schema.org\",\"@graph\":[{\"@type\":\"WebPage\",\"@id\":\"https:\\\/\\\/emaille-hiller.com\\\/fr\\\/produit\\\/four-efco-180\\\/\",\"url\":\"https:\\\/\\\/emaille-hiller.com\\\/fr\\\/produit\\\/four-efco-180\\\/\",\"name\":\"Four EFCO 180 - Emaille Hiller\",\"isPartOf\":{\"@id\":\"https:\\\/\\\/emaille-hiller.com\\\/fr\\\/#website\"},\"primaryImageOfPage\":{\"@id\":\"https:\\\/\\\/emaille-hiller.com\\\/fr\\\/produit\\\/four-efco-180\\\/#primaryimage\"},\"image\":{\"@id\":\"https:\\\/\\\/emaille-hiller.com\\\/fr\\\/produit\\\/four-efco-180\\\/#primaryimage\"},\"thumbnailUrl\":\"https:\\\/\\\/emaille-hiller.com\\\/wp-content\\\/uploads\\\/2021\\\/02\\\/kiln_180.jpg\",\"datePublished\":\"2021-12-14T11:12:34+00:00\",\"dateModified\":\"2022-01-16T08:05:48+00:00\",\"breadcrumb\":{\"@id\":\"https:\\\/\\\/emaille-hiller.com\\\/fr\\\/produit\\\/four-efco-180\\\/#breadcrumb\"},\"inLanguage\":\"fr-FR\",\"potentialAction\":[{\"@type\":\"ReadAction\",\"target\":[\"https:\\\/\\\/emaille-hiller.com\\\/fr\\\/produit\\\/four-efco-180\\\/\"]}]},{\"@type\":\"ImageObject\",\"inLanguage\":\"fr-FR\",\"@id\":\"https:\\\/\\\/emaille-hiller.com\\\/fr\\\/produit\\\/four-efco-180\\\/#primaryimage\",\"url\":\"https:\\\/\\\/emaille-hiller.com\\\/wp-content\\\/uploads\\\/2021\\\/02\\\/kiln_180.jpg\",\"contentUrl\":\"https:\\\/\\\/emaille-hiller.com\\\/wp-content\\\/uploads\\\/2021\\\/02\\\/kiln_180.jpg\",\"width\":500,\"height\":500},{\"@type\":\"BreadcrumbList\",\"@id\":\"https:\\\/\\\/emaille-hiller.com\\\/fr\\\/produit\\\/four-efco-180\\\/#breadcrumb\",\"itemListElement\":[{\"@type\":\"ListItem\",\"position\":1,\"name\":\"Home\",\"item\":\"https:\\\/\\\/emaille-hiller.com\\\/fr\\\/accueil\\\/\"},{\"@type\":\"ListItem\",\"position\":2,\"name\":\"Boutique D\u00e9faut\",\"item\":\"https:\\\/\\\/emaille-hiller.com\\\/fr\\\/boutique-defaut\\\/\"},{\"@type\":\"ListItem\",\"position\":3,\"name\":\"Four EFCO 180\"}]},{\"@type\":\"WebSite\",\"@id\":\"https:\\\/\\\/emaille-hiller.com\\\/fr\\\/#website\",\"url\":\"https:\\\/\\\/emaille-hiller.com\\\/fr\\\/\",\"name\":\"Emaille Hiller\",\"description\":\"All you need for enameling\",\"potentialAction\":[{\"@type\":\"SearchAction\",\"target\":{\"@type\":\"EntryPoint\",\"urlTemplate\":\"https:\\\/\\\/emaille-hiller.com\\\/fr\\\/?s={search_term_string}\"},\"query-input\":{\"@type\":\"PropertyValueSpecification\",\"valueRequired\":true,\"valueName\":\"search_term_string\"}}],\"inLanguage\":\"fr-FR\"}]}<\/script>\n<!-- \/ Yoast SEO plugin. -->","yoast_head_json":{"title":"Four EFCO 180 - Emaille Hiller","robots":{"index":"index","follow":"follow","max-snippet":"max-snippet:-1","max-image-preview":"max-image-preview:large","max-video-preview":"max-video-preview:-1"},"canonical":"https:\/\/emaille-hiller.com\/fr\/produit\/four-efco-180\/","og_locale":"fr_FR","og_type":"article","og_title":"Four EFCO 180 - Emaille Hiller","og_description":"Ce four \u00e0 moufle chauff\u00e9 polyvalent s\u00e9duit par son design compact. La ...","og_url":"https:\/\/emaille-hiller.com\/fr\/produit\/four-efco-180\/","og_site_name":"Emaille Hiller","article_modified_time":"2022-01-16T08:05:48+00:00","og_image":[{"width":500,"height":500,"url":"https:\/\/emaille-hiller.com\/wp-content\/uploads\/2021\/02\/kiln_180.jpg","type":"image\/jpeg"}],"twitter_card":"summary_large_image","twitter_misc":{"Dur\u00e9e de lecture estim\u00e9e":"1 minute"},"schema":{"@context":"https:\/\/schema.org","@graph":[{"@type":"WebPage","@id":"https:\/\/emaille-hiller.com\/fr\/produit\/four-efco-180\/","url":"https:\/\/emaille-hiller.com\/fr\/produit\/four-efco-180\/","name":"Four EFCO 180 - Emaille Hiller","isPartOf":{"@id":"https:\/\/emaille-hiller.com\/fr\/#website"},"primaryImageOfPage":{"@id":"https:\/\/emaille-hiller.com\/fr\/produit\/four-efco-180\/#primaryimage"},"image":{"@id":"https:\/\/emaille-hiller.com\/fr\/produit\/four-efco-180\/#primaryimage"},"thumbnailUrl":"https:\/\/emaille-hiller.com\/wp-content\/uploads\/2021\/02\/kiln_180.jpg","datePublished":"2021-12-14T11:12:34+00:00","dateModified":"2022-01-16T08:05:48+00:00","breadcrumb":{"@id":"https:\/\/emaille-hiller.com\/fr\/produit\/four-efco-180\/#breadcrumb"},"inLanguage":"fr-FR","potentialAction":[{"@type":"ReadAction","target":["https:\/\/emaille-hiller.com\/fr\/produit\/four-efco-180\/"]}]},{"@type":"ImageObject","inLanguage":"fr-FR","@id":"https:\/\/emaille-hiller.com\/fr\/produit\/four-efco-180\/#primaryimage","url":"https:\/\/emaille-hiller.com\/wp-content\/uploads\/2021\/02\/kiln_180.jpg","contentUrl":"https:\/\/emaille-hiller.com\/wp-content\/uploads\/2021\/02\/kiln_180.jpg","width":500,"height":500},{"@type":"BreadcrumbList","@id":"https:\/\/emaille-hiller.com\/fr\/produit\/four-efco-180\/#breadcrumb","itemListElement":[{"@type":"ListItem","position":1,"name":"Home","item":"https:\/\/emaille-hiller.com\/fr\/accueil\/"},{"@type":"ListItem","position":2,"name":"Boutique D\u00e9faut","item":"https:\/\/emaille-hiller.com\/fr\/boutique-defaut\/"},{"@type":"ListItem","position":3,"name":"Four EFCO 180"}]},{"@type":"WebSite","@id":"https:\/\/emaille-hiller.com\/fr\/#website","url":"https:\/\/emaille-hiller.com\/fr\/","name":"Emaille Hiller","description":"All you need for enameling","potentialAction":[{"@type":"SearchAction","target":{"@type":"EntryPoint","urlTemplate":"https:\/\/emaille-hiller.com\/fr\/?s={search_term_string}"},"query-input":{"@type":"PropertyValueSpecification","valueRequired":true,"valueName":"search_term_string"}}],"inLanguage":"fr-FR"}]}},"jetpack_sharing_enabled":true,"_links":{"self":[{"href":"https:\/\/emaille-hiller.com\/fr\/wp-json\/wp\/v2\/product\/83303","targetHints":{"allow":["GET"]}}],"collection":[{"href":"https:\/\/emaille-hiller.com\/fr\/wp-json\/wp\/v2\/product"}],"about":[{"href":"https:\/\/emaille-hiller.com\/fr\/wp-json\/wp\/v2\/types\/product"}],"wp:featuredmedia":[{"embeddable":true,"href":"https:\/\/emaille-hiller.com\/fr\/wp-json\/wp\/v2\/media\/37121"}],"wp:attachment":[{"href":"https:\/\/emaille-hiller.com\/fr\/wp-json\/wp\/v2\/media?parent=83303"}],"wp:term":[{"taxonomy":"product_brand","embeddable":true,"href":"https:\/\/emaille-hiller.com\/fr\/wp-json\/wp\/v2\/product_brand?post=83303"},{"taxonomy":"product_cat","embeddable":true,"href":"https:\/\/emaille-hiller.com\/fr\/wp-json\/wp\/v2\/product_cat?post=83303"},{"taxonomy":"product_tag","embeddable":true,"href":"https:\/\/emaille-hiller.com\/fr\/wp-json\/wp\/v2\/product_tag?post=83303"}],"curies":[{"name":"wp","href":"https:\/\/api.w.org\/{rel}","templated":true}]}}