{"id":81664,"date":"2021-01-25T12:08:23","date_gmt":"2021-12-08T12:51:23","guid":{"rendered":"https:\/\/emaille-hiller.com\/product\/email-en-fils-mix-de-couleurs-702-10g\/"},"modified":"2022-01-16T09:05:52","modified_gmt":"2022-01-16T08:05:52","slug":"email-fils-mix-couleurs-702-10g","status":"publish","type":"product","link":"https:\/\/emaille-hiller.com\/fr\/produit\/email-fils-mix-couleurs-702-10g\/","title":{"rendered":"Email en fils, mix de couleurs 702 \u2013 10g"},"content":{"rendered":"<p>Des lignes claires de diff\u00e9rentes couleurs peuvent ainsi \u00eatre int\u00e9gr\u00e9es \u00e0 l&rsquo;\u0153uvre d&rsquo;art.<\/p>\n","protected":false},"excerpt":{"rendered":"<p>Des lignes claires de diff\u00e9rentes couleurs peuvent ainsi \u00eatre int\u00e9gr\u00e9es \u00e0 l&rsquo;\u0153uvre  &#8230;<\/p>\n","protected":false},"featured_media":37555,"template":"","meta":{"_bbp_topic_count":0,"_bbp_reply_count":0,"_bbp_total_topic_count":0,"_bbp_total_reply_count":0,"_bbp_voice_count":0,"_bbp_anonymous_reply_count":0,"_bbp_topic_count_hidden":0,"_bbp_reply_count_hidden":0,"_bbp_forum_subforum_count":0},"product_brand":[],"product_cat":[174,175],"product_tag":[],"class_list":{"0":"post-81664","1":"product","2":"type-product","3":"status-publish","4":"has-post-thumbnail","6":"product_cat-emaux-avec-plomb","7":"product_cat-emaux-speciaux","9":"first","10":"outofstock","11":"taxable","12":"shipping-taxable","13":"purchasable","14":"product-type-simple"},"supplier_id":null,"supplier_sku":"9913521","barcode":null,"atum_controlled":true,"out_stock_date":"2024-12-31 09:20:01","out_stock_threshold":null,"inheritable":false,"inbound_stock":0,"stock_on_hold":0,"sold_today":0,"sales_last_days":0,"reserved_stock":0,"customer_returns":0,"warehouse_damage":0,"lost_in_post":0,"other_logs":0,"out_stock_days":0,"lost_sales":0,"has_location":false,"update_date":"2024-12-31T08:20:10","atum_locations":[],"atum_stock_status":"outofstock","restock_status":false,"low_stock_amount":"","sales_update_date":"2024-12-31T08:20:10","calc_backorders":null,"yoast_head":"<!-- This site is optimized with the Yoast SEO plugin v27.5 - https:\/\/yoast.com\/product\/yoast-seo-wordpress\/ -->\n<title>Email en fils, mix de couleurs 702 \u2013 10g - Emaille Hiller<\/title>\n<meta name=\"robots\" content=\"index, follow, max-snippet:-1, max-image-preview:large, max-video-preview:-1\" \/>\n<link rel=\"canonical\" href=\"https:\/\/emaille-hiller.com\/fr\/produit\/email-fils-mix-couleurs-702-10g\/\" \/>\n<meta property=\"og:locale\" content=\"fr_FR\" \/>\n<meta property=\"og:type\" content=\"article\" \/>\n<meta property=\"og:title\" content=\"Email en fils, mix de couleurs 702 \u2013 10g - Emaille Hiller\" \/>\n<meta property=\"og:description\" content=\"Des lignes claires de diff\u00e9rentes couleurs peuvent ainsi \u00eatre int\u00e9gr\u00e9es \u00e0 l&rsquo;\u0153uvre ...\" \/>\n<meta property=\"og:url\" content=\"https:\/\/emaille-hiller.com\/fr\/produit\/email-fils-mix-couleurs-702-10g\/\" \/>\n<meta property=\"og:site_name\" content=\"Emaille Hiller\" \/>\n<meta property=\"article:modified_time\" content=\"2022-01-16T08:05:52+00:00\" \/>\n<meta property=\"og:image\" content=\"https:\/\/emaille-hiller.com\/wp-content\/uploads\/2021\/01\/702.jpg\" \/>\n\t<meta property=\"og:image:width\" content=\"496\" \/>\n\t<meta property=\"og:image:height\" content=\"496\" \/>\n\t<meta property=\"og:image:type\" content=\"image\/jpeg\" \/>\n<meta name=\"twitter:card\" content=\"summary_large_image\" \/>\n<script type=\"application\/ld+json\" class=\"yoast-schema-graph\">{\"@context\":\"https:\\\/\\\/schema.org\",\"@graph\":[{\"@type\":\"WebPage\",\"@id\":\"https:\\\/\\\/emaille-hiller.com\\\/fr\\\/produit\\\/email-fils-mix-couleurs-702-10g\\\/\",\"url\":\"https:\\\/\\\/emaille-hiller.com\\\/fr\\\/produit\\\/email-fils-mix-couleurs-702-10g\\\/\",\"name\":\"Email en fils, mix de couleurs 702 \u2013 10g - Emaille Hiller\",\"isPartOf\":{\"@id\":\"https:\\\/\\\/emaille-hiller.com\\\/fr\\\/#website\"},\"primaryImageOfPage\":{\"@id\":\"https:\\\/\\\/emaille-hiller.com\\\/fr\\\/produit\\\/email-fils-mix-couleurs-702-10g\\\/#primaryimage\"},\"image\":{\"@id\":\"https:\\\/\\\/emaille-hiller.com\\\/fr\\\/produit\\\/email-fils-mix-couleurs-702-10g\\\/#primaryimage\"},\"thumbnailUrl\":\"https:\\\/\\\/emaille-hiller.com\\\/wp-content\\\/uploads\\\/2021\\\/01\\\/702.jpg\",\"datePublished\":\"2021-12-08T12:51:23+00:00\",\"dateModified\":\"2022-01-16T08:05:52+00:00\",\"breadcrumb\":{\"@id\":\"https:\\\/\\\/emaille-hiller.com\\\/fr\\\/produit\\\/email-fils-mix-couleurs-702-10g\\\/#breadcrumb\"},\"inLanguage\":\"fr-FR\",\"potentialAction\":[{\"@type\":\"ReadAction\",\"target\":[\"https:\\\/\\\/emaille-hiller.com\\\/fr\\\/produit\\\/email-fils-mix-couleurs-702-10g\\\/\"]}]},{\"@type\":\"ImageObject\",\"inLanguage\":\"fr-FR\",\"@id\":\"https:\\\/\\\/emaille-hiller.com\\\/fr\\\/produit\\\/email-fils-mix-couleurs-702-10g\\\/#primaryimage\",\"url\":\"https:\\\/\\\/emaille-hiller.com\\\/wp-content\\\/uploads\\\/2021\\\/01\\\/702.jpg\",\"contentUrl\":\"https:\\\/\\\/emaille-hiller.com\\\/wp-content\\\/uploads\\\/2021\\\/01\\\/702.jpg\",\"width\":496,\"height\":496},{\"@type\":\"BreadcrumbList\",\"@id\":\"https:\\\/\\\/emaille-hiller.com\\\/fr\\\/produit\\\/email-fils-mix-couleurs-702-10g\\\/#breadcrumb\",\"itemListElement\":[{\"@type\":\"ListItem\",\"position\":1,\"name\":\"Home\",\"item\":\"https:\\\/\\\/emaille-hiller.com\\\/fr\\\/accueil\\\/\"},{\"@type\":\"ListItem\",\"position\":2,\"name\":\"Boutique D\u00e9faut\",\"item\":\"https:\\\/\\\/emaille-hiller.com\\\/fr\\\/boutique-defaut\\\/\"},{\"@type\":\"ListItem\",\"position\":3,\"name\":\"Email en fils, mix de couleurs 702 \u2013 10g\"}]},{\"@type\":\"WebSite\",\"@id\":\"https:\\\/\\\/emaille-hiller.com\\\/fr\\\/#website\",\"url\":\"https:\\\/\\\/emaille-hiller.com\\\/fr\\\/\",\"name\":\"Emaille Hiller\",\"description\":\"All you need for enameling\",\"potentialAction\":[{\"@type\":\"SearchAction\",\"target\":{\"@type\":\"EntryPoint\",\"urlTemplate\":\"https:\\\/\\\/emaille-hiller.com\\\/fr\\\/?s={search_term_string}\"},\"query-input\":{\"@type\":\"PropertyValueSpecification\",\"valueRequired\":true,\"valueName\":\"search_term_string\"}}],\"inLanguage\":\"fr-FR\"}]}<\/script>\n<!-- \/ Yoast SEO plugin. -->","yoast_head_json":{"title":"Email en fils, mix de couleurs 702 \u2013 10g - Emaille Hiller","robots":{"index":"index","follow":"follow","max-snippet":"max-snippet:-1","max-image-preview":"max-image-preview:large","max-video-preview":"max-video-preview:-1"},"canonical":"https:\/\/emaille-hiller.com\/fr\/produit\/email-fils-mix-couleurs-702-10g\/","og_locale":"fr_FR","og_type":"article","og_title":"Email en fils, mix de couleurs 702 \u2013 10g - Emaille Hiller","og_description":"Des lignes claires de diff\u00e9rentes couleurs peuvent ainsi \u00eatre int\u00e9gr\u00e9es \u00e0 l&rsquo;\u0153uvre ...","og_url":"https:\/\/emaille-hiller.com\/fr\/produit\/email-fils-mix-couleurs-702-10g\/","og_site_name":"Emaille Hiller","article_modified_time":"2022-01-16T08:05:52+00:00","og_image":[{"width":496,"height":496,"url":"https:\/\/emaille-hiller.com\/wp-content\/uploads\/2021\/01\/702.jpg","type":"image\/jpeg"}],"twitter_card":"summary_large_image","schema":{"@context":"https:\/\/schema.org","@graph":[{"@type":"WebPage","@id":"https:\/\/emaille-hiller.com\/fr\/produit\/email-fils-mix-couleurs-702-10g\/","url":"https:\/\/emaille-hiller.com\/fr\/produit\/email-fils-mix-couleurs-702-10g\/","name":"Email en fils, mix de couleurs 702 \u2013 10g - Emaille Hiller","isPartOf":{"@id":"https:\/\/emaille-hiller.com\/fr\/#website"},"primaryImageOfPage":{"@id":"https:\/\/emaille-hiller.com\/fr\/produit\/email-fils-mix-couleurs-702-10g\/#primaryimage"},"image":{"@id":"https:\/\/emaille-hiller.com\/fr\/produit\/email-fils-mix-couleurs-702-10g\/#primaryimage"},"thumbnailUrl":"https:\/\/emaille-hiller.com\/wp-content\/uploads\/2021\/01\/702.jpg","datePublished":"2021-12-08T12:51:23+00:00","dateModified":"2022-01-16T08:05:52+00:00","breadcrumb":{"@id":"https:\/\/emaille-hiller.com\/fr\/produit\/email-fils-mix-couleurs-702-10g\/#breadcrumb"},"inLanguage":"fr-FR","potentialAction":[{"@type":"ReadAction","target":["https:\/\/emaille-hiller.com\/fr\/produit\/email-fils-mix-couleurs-702-10g\/"]}]},{"@type":"ImageObject","inLanguage":"fr-FR","@id":"https:\/\/emaille-hiller.com\/fr\/produit\/email-fils-mix-couleurs-702-10g\/#primaryimage","url":"https:\/\/emaille-hiller.com\/wp-content\/uploads\/2021\/01\/702.jpg","contentUrl":"https:\/\/emaille-hiller.com\/wp-content\/uploads\/2021\/01\/702.jpg","width":496,"height":496},{"@type":"BreadcrumbList","@id":"https:\/\/emaille-hiller.com\/fr\/produit\/email-fils-mix-couleurs-702-10g\/#breadcrumb","itemListElement":[{"@type":"ListItem","position":1,"name":"Home","item":"https:\/\/emaille-hiller.com\/fr\/accueil\/"},{"@type":"ListItem","position":2,"name":"Boutique D\u00e9faut","item":"https:\/\/emaille-hiller.com\/fr\/boutique-defaut\/"},{"@type":"ListItem","position":3,"name":"Email en fils, mix de couleurs 702 \u2013 10g"}]},{"@type":"WebSite","@id":"https:\/\/emaille-hiller.com\/fr\/#website","url":"https:\/\/emaille-hiller.com\/fr\/","name":"Emaille Hiller","description":"All you need for enameling","potentialAction":[{"@type":"SearchAction","target":{"@type":"EntryPoint","urlTemplate":"https:\/\/emaille-hiller.com\/fr\/?s={search_term_string}"},"query-input":{"@type":"PropertyValueSpecification","valueRequired":true,"valueName":"search_term_string"}}],"inLanguage":"fr-FR"}]}},"jetpack_sharing_enabled":true,"_links":{"self":[{"href":"https:\/\/emaille-hiller.com\/fr\/wp-json\/wp\/v2\/product\/81664","targetHints":{"allow":["GET"]}}],"collection":[{"href":"https:\/\/emaille-hiller.com\/fr\/wp-json\/wp\/v2\/product"}],"about":[{"href":"https:\/\/emaille-hiller.com\/fr\/wp-json\/wp\/v2\/types\/product"}],"wp:featuredmedia":[{"embeddable":true,"href":"https:\/\/emaille-hiller.com\/fr\/wp-json\/wp\/v2\/media\/37555"}],"wp:attachment":[{"href":"https:\/\/emaille-hiller.com\/fr\/wp-json\/wp\/v2\/media?parent=81664"}],"wp:term":[{"taxonomy":"product_brand","embeddable":true,"href":"https:\/\/emaille-hiller.com\/fr\/wp-json\/wp\/v2\/product_brand?post=81664"},{"taxonomy":"product_cat","embeddable":true,"href":"https:\/\/emaille-hiller.com\/fr\/wp-json\/wp\/v2\/product_cat?post=81664"},{"taxonomy":"product_tag","embeddable":true,"href":"https:\/\/emaille-hiller.com\/fr\/wp-json\/wp\/v2\/product_tag?post=81664"}],"curies":[{"name":"wp","href":"https:\/\/api.w.org\/{rel}","templated":true}]}}