{"id":93071,"date":"2022-07-11T17:32:26","date_gmt":"2022-07-11T15:41:29","guid":{"rendered":"https:\/\/emaille-hiller.com\/product\/milton-bridge-emaille-stifte-federset\/"},"modified":"2024-12-12T10:56:46","modified_gmt":"2024-12-12T09:56:46","slug":"mb-emaille-stift-feder-set","status":"publish","type":"product","link":"https:\/\/emaille-hiller.com\/de\/produkt\/mb-emaille-stift-feder-set\/","title":{"rendered":"Milton Bridge Emaille-Stifte &#8211; Federset"},"content":{"rendered":"<p>Das Set enth\u00e4lt Federn mit drei verschiedenen Durchmessern sowie ein Reinigungsstab. Sie k\u00f6nnen leicht ausgetauscht und gereinigt werden, so dass Sie diese f\u00fcr verschiedene Farben verwenden k\u00f6nnen. Die Federn erm\u00f6glichen es, noch d\u00fcnnere Linien und Punkte zu malen als mit dem Emaille Stift.<\/p>\n","protected":false},"excerpt":{"rendered":"<p>Das Set enth\u00e4lt Federn mit drei verschiedenen Durchmessern sowie ein Reinigungsstab. Sie k\u00f6nnen leicht ausgetauscht und gereinigt werden, so dass Sie diese f\u00fcr verschiedene Farben verwenden k\u00f6nnen. Die Federn erm\u00f6glichen es, noch d\u00fcnnere Linien und Punkte zu malen als mit dem Emaille Stift.<\/p>\n","protected":false},"featured_media":93074,"template":"","meta":{"_bbp_topic_count":0,"_bbp_reply_count":0,"_bbp_total_topic_count":0,"_bbp_total_reply_count":0,"_bbp_voice_count":0,"_bbp_anonymous_reply_count":0,"_bbp_topic_count_hidden":0,"_bbp_reply_count_hidden":0,"_bbp_forum_subforum_count":0},"product_brand":[],"product_cat":[250],"product_tag":[],"class_list":{"0":"post-93071","1":"product","2":"type-product","3":"status-publish","4":"has-post-thumbnail","6":"product_cat-unkategorisiert","8":"first","9":"instock","10":"taxable","11":"shipping-taxable","12":"purchasable","13":"product-type-simple"},"supplier_id":null,"supplier_sku":"","barcode":null,"atum_controlled":true,"out_stock_date":null,"out_stock_threshold":null,"inheritable":false,"inbound_stock":0,"stock_on_hold":0,"sold_today":0,"sales_last_days":0,"reserved_stock":0,"customer_returns":0,"warehouse_damage":0,"lost_in_post":0,"other_logs":0,"out_stock_days":0,"lost_sales":0,"has_location":false,"update_date":"2025-09-24T07:14:27","atum_locations":[],"atum_stock_status":"instock","restock_status":false,"low_stock_amount":"","sales_update_date":"2025-09-24T07:14:27","calc_backorders":null,"yoast_head":"<!-- This site is optimized with the Yoast SEO plugin v27.5 - https:\/\/yoast.com\/product\/yoast-seo-wordpress\/ -->\n<title>Milton Bridge Emaille-Stifte - Federset - Emaille Hiller<\/title>\n<meta name=\"robots\" content=\"index, follow, max-snippet:-1, max-image-preview:large, max-video-preview:-1\" \/>\n<link rel=\"canonical\" href=\"https:\/\/emaille-hiller.com\/de\/produkt\/mb-emaille-stift-feder-set\/\" \/>\n<meta property=\"og:locale\" content=\"de_DE\" \/>\n<meta property=\"og:type\" content=\"article\" \/>\n<meta property=\"og:title\" content=\"Milton Bridge Emaille-Stifte - Federset - Emaille Hiller\" \/>\n<meta property=\"og:description\" content=\"Das Set enth\u00e4lt Federn mit drei verschiedenen Durchmessern sowie ein Reinigungsstab. Sie k\u00f6nnen leicht ausgetauscht und gereinigt werden, so dass Sie diese f\u00fcr verschiedene Farben verwenden k\u00f6nnen. Die Federn erm\u00f6glichen es, noch d\u00fcnnere Linien und Punkte zu malen als mit dem Emaille Stift.\" \/>\n<meta property=\"og:url\" content=\"https:\/\/emaille-hiller.com\/de\/produkt\/mb-emaille-stift-feder-set\/\" \/>\n<meta property=\"og:site_name\" content=\"Emaille Hiller\" \/>\n<meta property=\"article:modified_time\" content=\"2024-12-12T09:56:46+00:00\" \/>\n<meta property=\"og:image\" content=\"https:\/\/emaille-hiller.com\/wp-content\/uploads\/2022\/07\/IMG-20220711-WA0002.jpg\" \/>\n\t<meta property=\"og:image:width\" content=\"1600\" \/>\n\t<meta property=\"og:image:height\" content=\"1193\" \/>\n\t<meta property=\"og:image:type\" content=\"image\/jpeg\" \/>\n<meta name=\"twitter:card\" content=\"summary_large_image\" \/>\n<script type=\"application\/ld+json\" class=\"yoast-schema-graph\">{\"@context\":\"https:\\\/\\\/schema.org\",\"@graph\":[{\"@type\":\"WebPage\",\"@id\":\"https:\\\/\\\/emaille-hiller.com\\\/de\\\/produkt\\\/mb-emaille-stift-feder-set\\\/\",\"url\":\"https:\\\/\\\/emaille-hiller.com\\\/de\\\/produkt\\\/mb-emaille-stift-feder-set\\\/\",\"name\":\"Milton Bridge Emaille-Stifte - Federset - Emaille Hiller\",\"isPartOf\":{\"@id\":\"https:\\\/\\\/emaille-hiller.com\\\/de\\\/#website\"},\"primaryImageOfPage\":{\"@id\":\"https:\\\/\\\/emaille-hiller.com\\\/de\\\/produkt\\\/mb-emaille-stift-feder-set\\\/#primaryimage\"},\"image\":{\"@id\":\"https:\\\/\\\/emaille-hiller.com\\\/de\\\/produkt\\\/mb-emaille-stift-feder-set\\\/#primaryimage\"},\"thumbnailUrl\":\"https:\\\/\\\/emaille-hiller.com\\\/wp-content\\\/uploads\\\/2022\\\/07\\\/IMG-20220711-WA0002.jpg\",\"datePublished\":\"2022-07-11T15:41:29+00:00\",\"dateModified\":\"2024-12-12T09:56:46+00:00\",\"breadcrumb\":{\"@id\":\"https:\\\/\\\/emaille-hiller.com\\\/de\\\/produkt\\\/mb-emaille-stift-feder-set\\\/#breadcrumb\"},\"inLanguage\":\"de\",\"potentialAction\":[{\"@type\":\"ReadAction\",\"target\":[\"https:\\\/\\\/emaille-hiller.com\\\/de\\\/produkt\\\/mb-emaille-stift-feder-set\\\/\"]}]},{\"@type\":\"ImageObject\",\"inLanguage\":\"de\",\"@id\":\"https:\\\/\\\/emaille-hiller.com\\\/de\\\/produkt\\\/mb-emaille-stift-feder-set\\\/#primaryimage\",\"url\":\"https:\\\/\\\/emaille-hiller.com\\\/wp-content\\\/uploads\\\/2022\\\/07\\\/IMG-20220711-WA0002.jpg\",\"contentUrl\":\"https:\\\/\\\/emaille-hiller.com\\\/wp-content\\\/uploads\\\/2022\\\/07\\\/IMG-20220711-WA0002.jpg\",\"width\":1600,\"height\":1193},{\"@type\":\"BreadcrumbList\",\"@id\":\"https:\\\/\\\/emaille-hiller.com\\\/de\\\/produkt\\\/mb-emaille-stift-feder-set\\\/#breadcrumb\",\"itemListElement\":[{\"@type\":\"ListItem\",\"position\":1,\"name\":\"Home\",\"item\":\"https:\\\/\\\/emaille-hiller.com\\\/de\\\/home\\\/\"},{\"@type\":\"ListItem\",\"position\":2,\"name\":\"Shop\",\"item\":\"https:\\\/\\\/emaille-hiller.com\\\/de\\\/shop-2\\\/\"},{\"@type\":\"ListItem\",\"position\":3,\"name\":\"Milton Bridge Emaille-Stifte &#8211; Federset\"}]},{\"@type\":\"WebSite\",\"@id\":\"https:\\\/\\\/emaille-hiller.com\\\/de\\\/#website\",\"url\":\"https:\\\/\\\/emaille-hiller.com\\\/de\\\/\",\"name\":\"Emaille Hiller\",\"description\":\"All you need for enameling\",\"potentialAction\":[{\"@type\":\"SearchAction\",\"target\":{\"@type\":\"EntryPoint\",\"urlTemplate\":\"https:\\\/\\\/emaille-hiller.com\\\/de\\\/?s={search_term_string}\"},\"query-input\":{\"@type\":\"PropertyValueSpecification\",\"valueRequired\":true,\"valueName\":\"search_term_string\"}}],\"inLanguage\":\"de\"}]}<\/script>\n<!-- \/ Yoast SEO plugin. -->","yoast_head_json":{"title":"Milton Bridge Emaille-Stifte - Federset - Emaille Hiller","robots":{"index":"index","follow":"follow","max-snippet":"max-snippet:-1","max-image-preview":"max-image-preview:large","max-video-preview":"max-video-preview:-1"},"canonical":"https:\/\/emaille-hiller.com\/de\/produkt\/mb-emaille-stift-feder-set\/","og_locale":"de_DE","og_type":"article","og_title":"Milton Bridge Emaille-Stifte - Federset - Emaille Hiller","og_description":"Das Set enth\u00e4lt Federn mit drei verschiedenen Durchmessern sowie ein Reinigungsstab. Sie k\u00f6nnen leicht ausgetauscht und gereinigt werden, so dass Sie diese f\u00fcr verschiedene Farben verwenden k\u00f6nnen. Die Federn erm\u00f6glichen es, noch d\u00fcnnere Linien und Punkte zu malen als mit dem Emaille Stift.","og_url":"https:\/\/emaille-hiller.com\/de\/produkt\/mb-emaille-stift-feder-set\/","og_site_name":"Emaille Hiller","article_modified_time":"2024-12-12T09:56:46+00:00","og_image":[{"width":1600,"height":1193,"url":"https:\/\/emaille-hiller.com\/wp-content\/uploads\/2022\/07\/IMG-20220711-WA0002.jpg","type":"image\/jpeg"}],"twitter_card":"summary_large_image","schema":{"@context":"https:\/\/schema.org","@graph":[{"@type":"WebPage","@id":"https:\/\/emaille-hiller.com\/de\/produkt\/mb-emaille-stift-feder-set\/","url":"https:\/\/emaille-hiller.com\/de\/produkt\/mb-emaille-stift-feder-set\/","name":"Milton Bridge Emaille-Stifte - Federset - Emaille Hiller","isPartOf":{"@id":"https:\/\/emaille-hiller.com\/de\/#website"},"primaryImageOfPage":{"@id":"https:\/\/emaille-hiller.com\/de\/produkt\/mb-emaille-stift-feder-set\/#primaryimage"},"image":{"@id":"https:\/\/emaille-hiller.com\/de\/produkt\/mb-emaille-stift-feder-set\/#primaryimage"},"thumbnailUrl":"https:\/\/emaille-hiller.com\/wp-content\/uploads\/2022\/07\/IMG-20220711-WA0002.jpg","datePublished":"2022-07-11T15:41:29+00:00","dateModified":"2024-12-12T09:56:46+00:00","breadcrumb":{"@id":"https:\/\/emaille-hiller.com\/de\/produkt\/mb-emaille-stift-feder-set\/#breadcrumb"},"inLanguage":"de","potentialAction":[{"@type":"ReadAction","target":["https:\/\/emaille-hiller.com\/de\/produkt\/mb-emaille-stift-feder-set\/"]}]},{"@type":"ImageObject","inLanguage":"de","@id":"https:\/\/emaille-hiller.com\/de\/produkt\/mb-emaille-stift-feder-set\/#primaryimage","url":"https:\/\/emaille-hiller.com\/wp-content\/uploads\/2022\/07\/IMG-20220711-WA0002.jpg","contentUrl":"https:\/\/emaille-hiller.com\/wp-content\/uploads\/2022\/07\/IMG-20220711-WA0002.jpg","width":1600,"height":1193},{"@type":"BreadcrumbList","@id":"https:\/\/emaille-hiller.com\/de\/produkt\/mb-emaille-stift-feder-set\/#breadcrumb","itemListElement":[{"@type":"ListItem","position":1,"name":"Home","item":"https:\/\/emaille-hiller.com\/de\/home\/"},{"@type":"ListItem","position":2,"name":"Shop","item":"https:\/\/emaille-hiller.com\/de\/shop-2\/"},{"@type":"ListItem","position":3,"name":"Milton Bridge Emaille-Stifte &#8211; Federset"}]},{"@type":"WebSite","@id":"https:\/\/emaille-hiller.com\/de\/#website","url":"https:\/\/emaille-hiller.com\/de\/","name":"Emaille Hiller","description":"All you need for enameling","potentialAction":[{"@type":"SearchAction","target":{"@type":"EntryPoint","urlTemplate":"https:\/\/emaille-hiller.com\/de\/?s={search_term_string}"},"query-input":{"@type":"PropertyValueSpecification","valueRequired":true,"valueName":"search_term_string"}}],"inLanguage":"de"}]}},"jetpack_sharing_enabled":true,"_links":{"self":[{"href":"https:\/\/emaille-hiller.com\/de\/wp-json\/wp\/v2\/product\/93071","targetHints":{"allow":["GET"]}}],"collection":[{"href":"https:\/\/emaille-hiller.com\/de\/wp-json\/wp\/v2\/product"}],"about":[{"href":"https:\/\/emaille-hiller.com\/de\/wp-json\/wp\/v2\/types\/product"}],"wp:featuredmedia":[{"embeddable":true,"href":"https:\/\/emaille-hiller.com\/de\/wp-json\/wp\/v2\/media\/93074"}],"wp:attachment":[{"href":"https:\/\/emaille-hiller.com\/de\/wp-json\/wp\/v2\/media?parent=93071"}],"wp:term":[{"taxonomy":"product_brand","embeddable":true,"href":"https:\/\/emaille-hiller.com\/de\/wp-json\/wp\/v2\/product_brand?post=93071"},{"taxonomy":"product_cat","embeddable":true,"href":"https:\/\/emaille-hiller.com\/de\/wp-json\/wp\/v2\/product_cat?post=93071"},{"taxonomy":"product_tag","embeddable":true,"href":"https:\/\/emaille-hiller.com\/de\/wp-json\/wp\/v2\/product_tag?post=93071"}],"curies":[{"name":"wp","href":"https:\/\/api.w.org\/{rel}","templated":true}]}}