{"id":92793,"date":"2022-03-29T11:58:38","date_gmt":"2022-04-06T17:51:26","guid":{"rendered":"https:\/\/emaille-hiller.com\/product\/metal-emaille-stifte\/"},"modified":"2025-02-15T15:59:38","modified_gmt":"2025-02-15T14:59:38","slug":"mb-emaille-stifte","status":"publish","type":"product","link":"https:\/\/emaille-hiller.com\/de\/produkt\/mb-emaille-stifte\/","title":{"rendered":"MB Emaille Stifte"},"content":{"rendered":"<p><strong>Milton Bridge Emaille-Stifte<\/strong><\/p>\n<p>Es handelt sich um eine einfach zu verwendende Farbpalette, mit der Sie auf Metall malen oder zeichnen k\u00f6nnen. So k\u00f6nnen Sie Ihr Design versch\u00f6nern und feine Details hinzuf\u00fcgen, die sonst nur schwer zu erreichen w\u00e4ren.<\/p>\n<p>Die Brenntemperatur liegt bei 800 &#8211; 820\u00b0C<\/p>\n<p>&nbsp;<\/p>\n<p><strong>Tips und Tricks<\/strong><\/p>\n<ul>\n<li>die Stifte m\u00fcssen vor dem Gebrauch kr\u00e4ftig gesch\u00fcttelt werden, um eine vollst\u00e4ndige Durchmischung von Emaille und Medium zu gew\u00e4hrleisten<\/li>\n<li>Die Werkst\u00fccke m\u00fcssen vor dem Brennen auf der Ofenplatte trocknen, \u00e4hnlich wie bei anderen Emaille.<\/li>\n<li>die Stifte k\u00f6nnen auf bleihaltiger oder bleifreier Emaille, fl\u00fcssiger oder pulverf\u00f6rmiger Emaille und auf Kupfer oder emailliertem Untergrund verwendet werden<\/li>\n<li>die Farben sind auch untereinander mischbar, so dass Sie T\u00f6nungen, Schattierungen und Sekund\u00e4rfarben herstellen k\u00f6nnen<\/li>\n<li>es ist wichtig, die Emaille nicht zu dick aufzutragen, sonst entstehen Risse<\/li>\n<li>Wenn die mit den Stiften gemachten Linien getrocknet sind, k\u00f6nnen sie mit einem Stift oder einem Cocktail-Stick bearbeitet werden, um die Linien zu ver\u00e4ndern, indem Bereiche weggekratzt werden.<\/li>\n<li>wie bei den meisten Emaillen ist es besser, zwischen den einzelnen Farbschichten zu brennen<\/li>\n<\/ul>\n","protected":false},"excerpt":{"rendered":"<p><strong>Milton Bridge Emaille-Stifte<\/strong><\/p>\n<p>Es handelt sich um eine einfach zu verwendende Farbpalette, mit der Sie auf Metall malen oder zeichnen k\u00f6nnen. So k\u00f6nnen Sie Ihr Design versch\u00f6nern und feine Details hinzuf\u00fcgen, die sonst nur schwer zu erreichen w\u00e4ren.<\/p>\n<p>Die Brenntemperatur liegt bei 800 &#8211; 820\u00b0C<\/p>\n<p>&nbsp;<\/p>\n<p><strong>Tips und Tricks<\/strong><\/p>\n<ul>\n<li>die Stifte m\u00fcssen vor dem Gebrauch kr\u00e4ftig gesch\u00fcttelt werden, um eine vollst\u00e4ndige Durchmischung von Emaille und Medium zu gew\u00e4hrleisten<\/li>\n<li>Die Werkst\u00fccke m\u00fcssen vor dem Brennen auf der Ofenplatte trocknen, \u00e4hnlich wie bei anderen Emaille.<\/li>\n<li>die Stifte k\u00f6nnen auf bleihaltiger oder bleifreier Emaille, fl\u00fcssiger oder pulverf\u00f6rmiger Emaille und auf Kupfer oder emailliertem Untergrund verwendet werden<\/li>\n<li>die Farben sind auch untereinander mischbar, so dass Sie T\u00f6nungen, Schattierungen und Sekund\u00e4rfarben herstellen k\u00f6nnen<\/li>\n<li>es ist wichtig, die Emaille nicht zu dick aufzutragen, sonst entstehen Risse<\/li>\n<li>Wenn die mit den Stiften gemachten Linien getrocknet sind, k\u00f6nnen sie mit einem Stift oder einem Cocktail-Stick bearbeitet werden, um die Linien zu ver\u00e4ndern, indem Bereiche weggekratzt werden.<\/li>\n<li>wie bei den meisten Emaillen ist es besser, zwischen den einzelnen Farbschichten zu brennen<\/li>\n<\/ul>\n","protected":false},"featured_media":0,"template":"","meta":{"_bbp_topic_count":0,"_bbp_reply_count":0,"_bbp_total_topic_count":0,"_bbp_total_reply_count":0,"_bbp_voice_count":0,"_bbp_anonymous_reply_count":0,"_bbp_topic_count_hidden":0,"_bbp_reply_count_hidden":0,"_bbp_forum_subforum_count":0},"product_brand":[],"product_cat":[249,502],"product_tag":[],"class_list":{"0":"post-92793","1":"product","2":"type-product","3":"status-publish","5":"product_cat-bleifreie-emaille","6":"product_cat-mb-de","8":"first","9":"instock","10":"taxable","11":"shipping-taxable","12":"purchasable","13":"product-type-variable"},"supplier_id":null,"supplier_sku":"","barcode":null,"atum_controlled":true,"out_stock_date":null,"out_stock_threshold":null,"inheritable":true,"inbound_stock":0,"stock_on_hold":0,"sold_today":0,"sales_last_days":2,"reserved_stock":0,"customer_returns":0,"warehouse_damage":0,"lost_in_post":0,"other_logs":0,"out_stock_days":0,"lost_sales":0,"has_location":false,"update_date":"2025-12-19T15:27:33","atum_locations":[],"atum_stock_status":"instock","restock_status":false,"low_stock_amount":"","sales_update_date":"2025-09-24T07:14:27","calc_backorders":null,"yoast_head":"<!-- This site is optimized with the Yoast SEO plugin v27.3 - https:\/\/yoast.com\/product\/yoast-seo-wordpress\/ -->\n<title>MB Emaille Stifte - Emaille Hiller<\/title>\n<meta name=\"description\" content=\"Die Milton Bridge Emaille-Stifte sind eine einfach zu verwendende Farbpalette, mit der Sie auf Metall malen oder zeichnen k\u00f6nnen. So k\u00f6nnen Sie Ihr Design versch\u00f6nern und feine Details hinzuf\u00fcgen, die sonst nur schwer zu erreichen w\u00e4ren.\" \/>\n<meta name=\"robots\" content=\"index, follow, max-snippet:-1, max-image-preview:large, max-video-preview:-1\" \/>\n<link rel=\"canonical\" href=\"https:\/\/emaille-hiller.com\/de\/produkt\/mb-emaille-stifte\/\" \/>\n<meta property=\"og:locale\" content=\"de_DE\" \/>\n<meta property=\"og:type\" content=\"article\" \/>\n<meta property=\"og:title\" content=\"MB Emaille Stifte - Emaille Hiller\" \/>\n<meta property=\"og:description\" content=\"Die Milton Bridge Emaille-Stifte sind eine einfach zu verwendende Farbpalette, mit der Sie auf Metall malen oder zeichnen k\u00f6nnen. So k\u00f6nnen Sie Ihr Design versch\u00f6nern und feine Details hinzuf\u00fcgen, die sonst nur schwer zu erreichen w\u00e4ren.\" \/>\n<meta property=\"og:url\" content=\"https:\/\/emaille-hiller.com\/de\/produkt\/mb-emaille-stifte\/\" \/>\n<meta property=\"og:site_name\" content=\"Emaille Hiller\" \/>\n<meta property=\"article:modified_time\" content=\"2025-02-15T14:59:38+00:00\" \/>\n<meta name=\"twitter:card\" content=\"summary_large_image\" \/>\n<meta name=\"twitter:label1\" content=\"Gesch\u00e4tzte Lesezeit\" \/>\n\t<meta name=\"twitter:data1\" content=\"1\u00a0Minute\" \/>\n<script type=\"application\/ld+json\" class=\"yoast-schema-graph\">{\"@context\":\"https:\\\/\\\/schema.org\",\"@graph\":[{\"@type\":\"WebPage\",\"@id\":\"https:\\\/\\\/emaille-hiller.com\\\/de\\\/produkt\\\/mb-emaille-stifte\\\/\",\"url\":\"https:\\\/\\\/emaille-hiller.com\\\/de\\\/produkt\\\/mb-emaille-stifte\\\/\",\"name\":\"MB Emaille Stifte - Emaille Hiller\",\"isPartOf\":{\"@id\":\"https:\\\/\\\/emaille-hiller.com\\\/de\\\/#website\"},\"datePublished\":\"2022-04-06T17:51:26+00:00\",\"dateModified\":\"2025-02-15T14:59:38+00:00\",\"description\":\"Die Milton Bridge Emaille-Stifte sind eine einfach zu verwendende Farbpalette, mit der Sie auf Metall malen oder zeichnen k\u00f6nnen. So k\u00f6nnen Sie Ihr Design versch\u00f6nern und feine Details hinzuf\u00fcgen, die sonst nur schwer zu erreichen w\u00e4ren.\",\"breadcrumb\":{\"@id\":\"https:\\\/\\\/emaille-hiller.com\\\/de\\\/produkt\\\/mb-emaille-stifte\\\/#breadcrumb\"},\"inLanguage\":\"de\",\"potentialAction\":[{\"@type\":\"ReadAction\",\"target\":[\"https:\\\/\\\/emaille-hiller.com\\\/de\\\/produkt\\\/mb-emaille-stifte\\\/\"]}]},{\"@type\":\"BreadcrumbList\",\"@id\":\"https:\\\/\\\/emaille-hiller.com\\\/de\\\/produkt\\\/mb-emaille-stifte\\\/#breadcrumb\",\"itemListElement\":[{\"@type\":\"ListItem\",\"position\":1,\"name\":\"Home\",\"item\":\"https:\\\/\\\/emaille-hiller.com\\\/de\\\/home\\\/\"},{\"@type\":\"ListItem\",\"position\":2,\"name\":\"Shop\",\"item\":\"https:\\\/\\\/emaille-hiller.com\\\/de\\\/shop-2\\\/\"},{\"@type\":\"ListItem\",\"position\":3,\"name\":\"MB Emaille Stifte\"}]},{\"@type\":\"WebSite\",\"@id\":\"https:\\\/\\\/emaille-hiller.com\\\/de\\\/#website\",\"url\":\"https:\\\/\\\/emaille-hiller.com\\\/de\\\/\",\"name\":\"Emaille Hiller\",\"description\":\"All you need for enameling\",\"potentialAction\":[{\"@type\":\"SearchAction\",\"target\":{\"@type\":\"EntryPoint\",\"urlTemplate\":\"https:\\\/\\\/emaille-hiller.com\\\/de\\\/?s={search_term_string}\"},\"query-input\":{\"@type\":\"PropertyValueSpecification\",\"valueRequired\":true,\"valueName\":\"search_term_string\"}}],\"inLanguage\":\"de\"}]}<\/script>\n<!-- \/ Yoast SEO plugin. -->","yoast_head_json":{"title":"MB Emaille Stifte - Emaille Hiller","description":"Die Milton Bridge Emaille-Stifte sind eine einfach zu verwendende Farbpalette, mit der Sie auf Metall malen oder zeichnen k\u00f6nnen. So k\u00f6nnen Sie Ihr Design versch\u00f6nern und feine Details hinzuf\u00fcgen, die sonst nur schwer zu erreichen w\u00e4ren.","robots":{"index":"index","follow":"follow","max-snippet":"max-snippet:-1","max-image-preview":"max-image-preview:large","max-video-preview":"max-video-preview:-1"},"canonical":"https:\/\/emaille-hiller.com\/de\/produkt\/mb-emaille-stifte\/","og_locale":"de_DE","og_type":"article","og_title":"MB Emaille Stifte - Emaille Hiller","og_description":"Die Milton Bridge Emaille-Stifte sind eine einfach zu verwendende Farbpalette, mit der Sie auf Metall malen oder zeichnen k\u00f6nnen. So k\u00f6nnen Sie Ihr Design versch\u00f6nern und feine Details hinzuf\u00fcgen, die sonst nur schwer zu erreichen w\u00e4ren.","og_url":"https:\/\/emaille-hiller.com\/de\/produkt\/mb-emaille-stifte\/","og_site_name":"Emaille Hiller","article_modified_time":"2025-02-15T14:59:38+00:00","twitter_card":"summary_large_image","twitter_misc":{"Gesch\u00e4tzte Lesezeit":"1\u00a0Minute"},"schema":{"@context":"https:\/\/schema.org","@graph":[{"@type":"WebPage","@id":"https:\/\/emaille-hiller.com\/de\/produkt\/mb-emaille-stifte\/","url":"https:\/\/emaille-hiller.com\/de\/produkt\/mb-emaille-stifte\/","name":"MB Emaille Stifte - Emaille Hiller","isPartOf":{"@id":"https:\/\/emaille-hiller.com\/de\/#website"},"datePublished":"2022-04-06T17:51:26+00:00","dateModified":"2025-02-15T14:59:38+00:00","description":"Die Milton Bridge Emaille-Stifte sind eine einfach zu verwendende Farbpalette, mit der Sie auf Metall malen oder zeichnen k\u00f6nnen. So k\u00f6nnen Sie Ihr Design versch\u00f6nern und feine Details hinzuf\u00fcgen, die sonst nur schwer zu erreichen w\u00e4ren.","breadcrumb":{"@id":"https:\/\/emaille-hiller.com\/de\/produkt\/mb-emaille-stifte\/#breadcrumb"},"inLanguage":"de","potentialAction":[{"@type":"ReadAction","target":["https:\/\/emaille-hiller.com\/de\/produkt\/mb-emaille-stifte\/"]}]},{"@type":"BreadcrumbList","@id":"https:\/\/emaille-hiller.com\/de\/produkt\/mb-emaille-stifte\/#breadcrumb","itemListElement":[{"@type":"ListItem","position":1,"name":"Home","item":"https:\/\/emaille-hiller.com\/de\/home\/"},{"@type":"ListItem","position":2,"name":"Shop","item":"https:\/\/emaille-hiller.com\/de\/shop-2\/"},{"@type":"ListItem","position":3,"name":"MB Emaille Stifte"}]},{"@type":"WebSite","@id":"https:\/\/emaille-hiller.com\/de\/#website","url":"https:\/\/emaille-hiller.com\/de\/","name":"Emaille Hiller","description":"All you need for enameling","potentialAction":[{"@type":"SearchAction","target":{"@type":"EntryPoint","urlTemplate":"https:\/\/emaille-hiller.com\/de\/?s={search_term_string}"},"query-input":{"@type":"PropertyValueSpecification","valueRequired":true,"valueName":"search_term_string"}}],"inLanguage":"de"}]}},"jetpack_sharing_enabled":true,"_links":{"self":[{"href":"https:\/\/emaille-hiller.com\/de\/wp-json\/wp\/v2\/product\/92793","targetHints":{"allow":["GET"]}}],"collection":[{"href":"https:\/\/emaille-hiller.com\/de\/wp-json\/wp\/v2\/product"}],"about":[{"href":"https:\/\/emaille-hiller.com\/de\/wp-json\/wp\/v2\/types\/product"}],"wp:attachment":[{"href":"https:\/\/emaille-hiller.com\/de\/wp-json\/wp\/v2\/media?parent=92793"}],"wp:term":[{"taxonomy":"product_brand","embeddable":true,"href":"https:\/\/emaille-hiller.com\/de\/wp-json\/wp\/v2\/product_brand?post=92793"},{"taxonomy":"product_cat","embeddable":true,"href":"https:\/\/emaille-hiller.com\/de\/wp-json\/wp\/v2\/product_cat?post=92793"},{"taxonomy":"product_tag","embeddable":true,"href":"https:\/\/emaille-hiller.com\/de\/wp-json\/wp\/v2\/product_tag?post=92793"}],"curies":[{"name":"wp","href":"https:\/\/api.w.org\/{rel}","templated":true}]}}