{"id":81919,"date":"2021-01-25T12:14:33","date_gmt":"2021-12-08T18:43:14","guid":{"rendered":"https:\/\/emaille-hiller.com\/product\/gemischte-stueckemaille-opak-703\/"},"modified":"2025-09-23T13:19:06","modified_gmt":"2025-09-23T11:19:06","slug":"gemischtes-stuckemaille-opak-703","status":"publish","type":"product","link":"https:\/\/emaille-hiller.com\/de\/produkt\/gemischtes-stuckemaille-opak-703\/","title":{"rendered":"Gemischte St\u00fcckemaille Opak 703"},"content":{"rendered":"<p>Frisch gemahlene St\u00fcckemaille zeichnet sich durch seine erh\u00f6hte Brillianz aus. Ebenso k\u00f6nnen grob gemahlene St\u00fccke als strukturelle Highlights auf der Emaillearbeit dienen. Geliefert werden bunt gemischte opake St\u00fcckemaille in unterschiedlichen Gr\u00f6\u00dfen.<\/p>\n","protected":false},"excerpt":{"rendered":"<p>Frisch gemahlene St\u00fcckemaille zeichnet sich durch seine erh\u00f6hte Brillianz aus. Ebenso k\u00f6nnen  &#8230;<\/p>\n","protected":false},"featured_media":37554,"template":"","meta":{"_bbp_topic_count":0,"_bbp_reply_count":0,"_bbp_total_topic_count":0,"_bbp_total_reply_count":0,"_bbp_voice_count":0,"_bbp_anonymous_reply_count":0,"_bbp_topic_count_hidden":0,"_bbp_reply_count_hidden":0,"_bbp_forum_subforum_count":0},"product_brand":[],"product_cat":[245,246],"product_tag":[],"class_list":{"0":"post-81919","1":"product","2":"type-product","3":"status-publish","4":"has-post-thumbnail","6":"product_cat-bleihaltige-emaille","7":"product_cat-spezielle-emaille","8":"pa_weight-100g-de","9":"pa_weight-1kg-de","10":"pa_weight-250g-de","11":"pa_weight-500g-de","12":"pa_weight-50g-de","14":"first","15":"instock","16":"taxable","17":"shipping-taxable","18":"purchasable","19":"product-type-variable"},"supplier_id":null,"supplier_sku":"","barcode":null,"atum_controlled":true,"out_stock_date":null,"out_stock_threshold":null,"inheritable":true,"inbound_stock":0,"stock_on_hold":0,"sold_today":1,"sales_last_days":1,"reserved_stock":0,"customer_returns":0,"warehouse_damage":0,"lost_in_post":0,"other_logs":0,"out_stock_days":0,"lost_sales":0,"has_location":false,"update_date":"2025-09-23T14:34:14","atum_locations":[],"atum_stock_status":"instock","restock_status":false,"low_stock_amount":"","sales_update_date":"2023-03-07T13:46:44","calc_backorders":null,"yoast_head":"<!-- This site is optimized with the Yoast SEO plugin v27.5 - https:\/\/yoast.com\/product\/yoast-seo-wordpress\/ -->\n<title>Gemischte St\u00fcckemaille Opak 703 - Emaille Hiller<\/title>\n<meta name=\"robots\" content=\"index, follow, max-snippet:-1, max-image-preview:large, max-video-preview:-1\" \/>\n<link rel=\"canonical\" href=\"https:\/\/emaille-hiller.com\/de\/produkt\/gemischtes-stuckemaille-opak-703\/\" \/>\n<meta property=\"og:locale\" content=\"de_DE\" \/>\n<meta property=\"og:type\" content=\"article\" \/>\n<meta property=\"og:title\" content=\"Gemischte St\u00fcckemaille Opak 703 - Emaille Hiller\" \/>\n<meta property=\"og:description\" content=\"Frisch gemahlene St\u00fcckemaille zeichnet sich durch seine erh\u00f6hte Brillianz aus. Ebenso k\u00f6nnen ...\" \/>\n<meta property=\"og:url\" content=\"https:\/\/emaille-hiller.com\/de\/produkt\/gemischtes-stuckemaille-opak-703\/\" \/>\n<meta property=\"og:site_name\" content=\"Emaille Hiller\" \/>\n<meta property=\"article:modified_time\" content=\"2025-09-23T11:19:06+00:00\" \/>\n<meta property=\"og:image\" content=\"https:\/\/emaille-hiller.com\/wp-content\/uploads\/2021\/01\/703.jpg\" \/>\n\t<meta property=\"og:image:width\" content=\"500\" \/>\n\t<meta property=\"og:image:height\" content=\"398\" \/>\n\t<meta property=\"og:image:type\" content=\"image\/jpeg\" \/>\n<meta name=\"twitter:card\" content=\"summary_large_image\" \/>\n<script type=\"application\/ld+json\" class=\"yoast-schema-graph\">{\"@context\":\"https:\\\/\\\/schema.org\",\"@graph\":[{\"@type\":\"WebPage\",\"@id\":\"https:\\\/\\\/emaille-hiller.com\\\/de\\\/produkt\\\/gemischtes-stuckemaille-opak-703\\\/\",\"url\":\"https:\\\/\\\/emaille-hiller.com\\\/de\\\/produkt\\\/gemischtes-stuckemaille-opak-703\\\/\",\"name\":\"Gemischte St\u00fcckemaille Opak 703 - Emaille Hiller\",\"isPartOf\":{\"@id\":\"https:\\\/\\\/emaille-hiller.com\\\/de\\\/#website\"},\"primaryImageOfPage\":{\"@id\":\"https:\\\/\\\/emaille-hiller.com\\\/de\\\/produkt\\\/gemischtes-stuckemaille-opak-703\\\/#primaryimage\"},\"image\":{\"@id\":\"https:\\\/\\\/emaille-hiller.com\\\/de\\\/produkt\\\/gemischtes-stuckemaille-opak-703\\\/#primaryimage\"},\"thumbnailUrl\":\"https:\\\/\\\/emaille-hiller.com\\\/wp-content\\\/uploads\\\/2021\\\/01\\\/703.jpg\",\"datePublished\":\"2021-12-08T18:43:14+00:00\",\"dateModified\":\"2025-09-23T11:19:06+00:00\",\"breadcrumb\":{\"@id\":\"https:\\\/\\\/emaille-hiller.com\\\/de\\\/produkt\\\/gemischtes-stuckemaille-opak-703\\\/#breadcrumb\"},\"inLanguage\":\"de\",\"potentialAction\":[{\"@type\":\"ReadAction\",\"target\":[\"https:\\\/\\\/emaille-hiller.com\\\/de\\\/produkt\\\/gemischtes-stuckemaille-opak-703\\\/\"]}]},{\"@type\":\"ImageObject\",\"inLanguage\":\"de\",\"@id\":\"https:\\\/\\\/emaille-hiller.com\\\/de\\\/produkt\\\/gemischtes-stuckemaille-opak-703\\\/#primaryimage\",\"url\":\"https:\\\/\\\/emaille-hiller.com\\\/wp-content\\\/uploads\\\/2021\\\/01\\\/703.jpg\",\"contentUrl\":\"https:\\\/\\\/emaille-hiller.com\\\/wp-content\\\/uploads\\\/2021\\\/01\\\/703.jpg\",\"width\":500,\"height\":398},{\"@type\":\"BreadcrumbList\",\"@id\":\"https:\\\/\\\/emaille-hiller.com\\\/de\\\/produkt\\\/gemischtes-stuckemaille-opak-703\\\/#breadcrumb\",\"itemListElement\":[{\"@type\":\"ListItem\",\"position\":1,\"name\":\"Home\",\"item\":\"https:\\\/\\\/emaille-hiller.com\\\/de\\\/home\\\/\"},{\"@type\":\"ListItem\",\"position\":2,\"name\":\"Shop\",\"item\":\"https:\\\/\\\/emaille-hiller.com\\\/de\\\/shop-2\\\/\"},{\"@type\":\"ListItem\",\"position\":3,\"name\":\"Gemischte St\u00fcckemaille Opak 703\"}]},{\"@type\":\"WebSite\",\"@id\":\"https:\\\/\\\/emaille-hiller.com\\\/de\\\/#website\",\"url\":\"https:\\\/\\\/emaille-hiller.com\\\/de\\\/\",\"name\":\"Emaille Hiller\",\"description\":\"All you need for enameling\",\"potentialAction\":[{\"@type\":\"SearchAction\",\"target\":{\"@type\":\"EntryPoint\",\"urlTemplate\":\"https:\\\/\\\/emaille-hiller.com\\\/de\\\/?s={search_term_string}\"},\"query-input\":{\"@type\":\"PropertyValueSpecification\",\"valueRequired\":true,\"valueName\":\"search_term_string\"}}],\"inLanguage\":\"de\"}]}<\/script>\n<!-- \/ Yoast SEO plugin. -->","yoast_head_json":{"title":"Gemischte St\u00fcckemaille Opak 703 - Emaille Hiller","robots":{"index":"index","follow":"follow","max-snippet":"max-snippet:-1","max-image-preview":"max-image-preview:large","max-video-preview":"max-video-preview:-1"},"canonical":"https:\/\/emaille-hiller.com\/de\/produkt\/gemischtes-stuckemaille-opak-703\/","og_locale":"de_DE","og_type":"article","og_title":"Gemischte St\u00fcckemaille Opak 703 - Emaille Hiller","og_description":"Frisch gemahlene St\u00fcckemaille zeichnet sich durch seine erh\u00f6hte Brillianz aus. Ebenso k\u00f6nnen ...","og_url":"https:\/\/emaille-hiller.com\/de\/produkt\/gemischtes-stuckemaille-opak-703\/","og_site_name":"Emaille Hiller","article_modified_time":"2025-09-23T11:19:06+00:00","og_image":[{"width":500,"height":398,"url":"https:\/\/emaille-hiller.com\/wp-content\/uploads\/2021\/01\/703.jpg","type":"image\/jpeg"}],"twitter_card":"summary_large_image","schema":{"@context":"https:\/\/schema.org","@graph":[{"@type":"WebPage","@id":"https:\/\/emaille-hiller.com\/de\/produkt\/gemischtes-stuckemaille-opak-703\/","url":"https:\/\/emaille-hiller.com\/de\/produkt\/gemischtes-stuckemaille-opak-703\/","name":"Gemischte St\u00fcckemaille Opak 703 - Emaille Hiller","isPartOf":{"@id":"https:\/\/emaille-hiller.com\/de\/#website"},"primaryImageOfPage":{"@id":"https:\/\/emaille-hiller.com\/de\/produkt\/gemischtes-stuckemaille-opak-703\/#primaryimage"},"image":{"@id":"https:\/\/emaille-hiller.com\/de\/produkt\/gemischtes-stuckemaille-opak-703\/#primaryimage"},"thumbnailUrl":"https:\/\/emaille-hiller.com\/wp-content\/uploads\/2021\/01\/703.jpg","datePublished":"2021-12-08T18:43:14+00:00","dateModified":"2025-09-23T11:19:06+00:00","breadcrumb":{"@id":"https:\/\/emaille-hiller.com\/de\/produkt\/gemischtes-stuckemaille-opak-703\/#breadcrumb"},"inLanguage":"de","potentialAction":[{"@type":"ReadAction","target":["https:\/\/emaille-hiller.com\/de\/produkt\/gemischtes-stuckemaille-opak-703\/"]}]},{"@type":"ImageObject","inLanguage":"de","@id":"https:\/\/emaille-hiller.com\/de\/produkt\/gemischtes-stuckemaille-opak-703\/#primaryimage","url":"https:\/\/emaille-hiller.com\/wp-content\/uploads\/2021\/01\/703.jpg","contentUrl":"https:\/\/emaille-hiller.com\/wp-content\/uploads\/2021\/01\/703.jpg","width":500,"height":398},{"@type":"BreadcrumbList","@id":"https:\/\/emaille-hiller.com\/de\/produkt\/gemischtes-stuckemaille-opak-703\/#breadcrumb","itemListElement":[{"@type":"ListItem","position":1,"name":"Home","item":"https:\/\/emaille-hiller.com\/de\/home\/"},{"@type":"ListItem","position":2,"name":"Shop","item":"https:\/\/emaille-hiller.com\/de\/shop-2\/"},{"@type":"ListItem","position":3,"name":"Gemischte St\u00fcckemaille Opak 703"}]},{"@type":"WebSite","@id":"https:\/\/emaille-hiller.com\/de\/#website","url":"https:\/\/emaille-hiller.com\/de\/","name":"Emaille Hiller","description":"All you need for enameling","potentialAction":[{"@type":"SearchAction","target":{"@type":"EntryPoint","urlTemplate":"https:\/\/emaille-hiller.com\/de\/?s={search_term_string}"},"query-input":{"@type":"PropertyValueSpecification","valueRequired":true,"valueName":"search_term_string"}}],"inLanguage":"de"}]}},"jetpack_sharing_enabled":true,"_links":{"self":[{"href":"https:\/\/emaille-hiller.com\/de\/wp-json\/wp\/v2\/product\/81919","targetHints":{"allow":["GET"]}}],"collection":[{"href":"https:\/\/emaille-hiller.com\/de\/wp-json\/wp\/v2\/product"}],"about":[{"href":"https:\/\/emaille-hiller.com\/de\/wp-json\/wp\/v2\/types\/product"}],"wp:featuredmedia":[{"embeddable":true,"href":"https:\/\/emaille-hiller.com\/de\/wp-json\/wp\/v2\/media\/37554"}],"wp:attachment":[{"href":"https:\/\/emaille-hiller.com\/de\/wp-json\/wp\/v2\/media?parent=81919"}],"wp:term":[{"taxonomy":"product_brand","embeddable":true,"href":"https:\/\/emaille-hiller.com\/de\/wp-json\/wp\/v2\/product_brand?post=81919"},{"taxonomy":"product_cat","embeddable":true,"href":"https:\/\/emaille-hiller.com\/de\/wp-json\/wp\/v2\/product_cat?post=81919"},{"taxonomy":"product_tag","embeddable":true,"href":"https:\/\/emaille-hiller.com\/de\/wp-json\/wp\/v2\/product_tag?post=81919"}],"curies":[{"name":"wp","href":"https:\/\/api.w.org\/{rel}","templated":true}]}}