{"id":81903,"date":"2021-01-25T14:56:39","date_gmt":"2021-01-25T13:56:39","guid":{"rendered":"https:\/\/emaille-hiller.com\/product\/malkasten-mit-12-verschiedenen-farben\/"},"modified":"2026-03-20T18:02:37","modified_gmt":"2026-03-20T17:02:37","slug":"malkasten-eine-farbe-cadium-gelb","status":"publish","type":"product","link":"https:\/\/emaille-hiller.com\/de\/produkt\/malkasten-eine-farbe-cadium-gelb\/","title":{"rendered":"Malkasten mit 12 verschiedenen Farben"},"content":{"rendered":"<p>Ein idealer Helfer f\u00fcr Anf\u00e4nger und fortgeschrittene Emailleure. Die Farben werden mit destilliertem Wasser und einem herk\u00f6mmlichen Pinsel anger\u00fchrt und k\u00f6nnen direkt verwendet werden. Es besteht die M\u00f6glichkeit einzelne Farben nachzubestellen.<\/p>\n","protected":false},"excerpt":{"rendered":"<p>Ein idealer Helfer f\u00fcr Anf\u00e4nger und fortgeschrittene Emailleure. Die Farben werden mit  &#8230;<\/p>\n","protected":false},"featured_media":37548,"template":"","meta":{"_bbp_topic_count":0,"_bbp_reply_count":0,"_bbp_total_topic_count":0,"_bbp_total_reply_count":0,"_bbp_voice_count":0,"_bbp_anonymous_reply_count":0,"_bbp_topic_count_hidden":0,"_bbp_reply_count_hidden":0,"_bbp_forum_subforum_count":0},"product_brand":[],"product_cat":[245,246],"product_tag":[],"class_list":{"0":"post-81903","1":"product","2":"type-product","3":"status-publish","4":"has-post-thumbnail","6":"product_cat-bleihaltige-emaille","7":"product_cat-spezielle-emaille","9":"first","10":"instock","11":"taxable","12":"shipping-taxable","13":"purchasable","14":"product-type-simple"},"supplier_id":null,"supplier_sku":"","barcode":null,"atum_controlled":true,"out_stock_date":null,"out_stock_threshold":null,"inheritable":false,"inbound_stock":0,"stock_on_hold":1,"sold_today":0,"sales_last_days":0,"reserved_stock":0,"customer_returns":0,"warehouse_damage":0,"lost_in_post":0,"other_logs":0,"out_stock_days":0,"lost_sales":0,"has_location":false,"update_date":"2026-04-18T08:04:06","atum_locations":[],"atum_stock_status":"instock","restock_status":false,"low_stock_amount":"","sales_update_date":"2026-04-18T08:04:06","calc_backorders":null,"yoast_head":"<!-- This site is optimized with the Yoast SEO plugin v27.5 - https:\/\/yoast.com\/product\/yoast-seo-wordpress\/ -->\n<title>Malkasten mit 12 verschiedenen Farben - Emaille Hiller<\/title>\n<meta name=\"robots\" content=\"index, follow, max-snippet:-1, max-image-preview:large, max-video-preview:-1\" \/>\n<link rel=\"canonical\" href=\"https:\/\/emaille-hiller.com\/de\/produkt\/malkasten-eine-farbe-cadium-gelb\/\" \/>\n<meta property=\"og:locale\" content=\"de_DE\" \/>\n<meta property=\"og:type\" content=\"article\" \/>\n<meta property=\"og:title\" content=\"Malkasten mit 12 verschiedenen Farben - Emaille Hiller\" \/>\n<meta property=\"og:description\" content=\"Ein idealer Helfer f\u00fcr Anf\u00e4nger und fortgeschrittene Emailleure. Die Farben werden mit ...\" \/>\n<meta property=\"og:url\" content=\"https:\/\/emaille-hiller.com\/de\/produkt\/malkasten-eine-farbe-cadium-gelb\/\" \/>\n<meta property=\"og:site_name\" content=\"Emaille Hiller\" \/>\n<meta property=\"article:modified_time\" content=\"2026-03-20T17:02:37+00:00\" \/>\n<meta property=\"og:image\" content=\"https:\/\/emaille-hiller.com\/wp-content\/uploads\/2021\/01\/708_open.jpg\" \/>\n\t<meta property=\"og:image:width\" content=\"500\" \/>\n\t<meta property=\"og:image:height\" content=\"375\" \/>\n\t<meta property=\"og:image:type\" content=\"image\/jpeg\" \/>\n<meta name=\"twitter:card\" content=\"summary_large_image\" \/>\n<script type=\"application\/ld+json\" class=\"yoast-schema-graph\">{\"@context\":\"https:\\\/\\\/schema.org\",\"@graph\":[{\"@type\":\"WebPage\",\"@id\":\"https:\\\/\\\/emaille-hiller.com\\\/de\\\/produkt\\\/malkasten-eine-farbe-cadium-gelb\\\/\",\"url\":\"https:\\\/\\\/emaille-hiller.com\\\/de\\\/produkt\\\/malkasten-eine-farbe-cadium-gelb\\\/\",\"name\":\"Malkasten mit 12 verschiedenen Farben - Emaille Hiller\",\"isPartOf\":{\"@id\":\"https:\\\/\\\/emaille-hiller.com\\\/de\\\/#website\"},\"primaryImageOfPage\":{\"@id\":\"https:\\\/\\\/emaille-hiller.com\\\/de\\\/produkt\\\/malkasten-eine-farbe-cadium-gelb\\\/#primaryimage\"},\"image\":{\"@id\":\"https:\\\/\\\/emaille-hiller.com\\\/de\\\/produkt\\\/malkasten-eine-farbe-cadium-gelb\\\/#primaryimage\"},\"thumbnailUrl\":\"https:\\\/\\\/emaille-hiller.com\\\/wp-content\\\/uploads\\\/2021\\\/01\\\/708_open.jpg\",\"datePublished\":\"2021-01-25T13:56:39+00:00\",\"dateModified\":\"2026-03-20T17:02:37+00:00\",\"breadcrumb\":{\"@id\":\"https:\\\/\\\/emaille-hiller.com\\\/de\\\/produkt\\\/malkasten-eine-farbe-cadium-gelb\\\/#breadcrumb\"},\"inLanguage\":\"de\",\"potentialAction\":[{\"@type\":\"ReadAction\",\"target\":[\"https:\\\/\\\/emaille-hiller.com\\\/de\\\/produkt\\\/malkasten-eine-farbe-cadium-gelb\\\/\"]}]},{\"@type\":\"ImageObject\",\"inLanguage\":\"de\",\"@id\":\"https:\\\/\\\/emaille-hiller.com\\\/de\\\/produkt\\\/malkasten-eine-farbe-cadium-gelb\\\/#primaryimage\",\"url\":\"https:\\\/\\\/emaille-hiller.com\\\/wp-content\\\/uploads\\\/2021\\\/01\\\/708_open.jpg\",\"contentUrl\":\"https:\\\/\\\/emaille-hiller.com\\\/wp-content\\\/uploads\\\/2021\\\/01\\\/708_open.jpg\",\"width\":500,\"height\":375},{\"@type\":\"BreadcrumbList\",\"@id\":\"https:\\\/\\\/emaille-hiller.com\\\/de\\\/produkt\\\/malkasten-eine-farbe-cadium-gelb\\\/#breadcrumb\",\"itemListElement\":[{\"@type\":\"ListItem\",\"position\":1,\"name\":\"Home\",\"item\":\"https:\\\/\\\/emaille-hiller.com\\\/de\\\/home\\\/\"},{\"@type\":\"ListItem\",\"position\":2,\"name\":\"Shop\",\"item\":\"https:\\\/\\\/emaille-hiller.com\\\/de\\\/shop-2\\\/\"},{\"@type\":\"ListItem\",\"position\":3,\"name\":\"Malkasten mit 12 verschiedenen Farben\"}]},{\"@type\":\"WebSite\",\"@id\":\"https:\\\/\\\/emaille-hiller.com\\\/de\\\/#website\",\"url\":\"https:\\\/\\\/emaille-hiller.com\\\/de\\\/\",\"name\":\"Emaille Hiller\",\"description\":\"All you need for enameling\",\"potentialAction\":[{\"@type\":\"SearchAction\",\"target\":{\"@type\":\"EntryPoint\",\"urlTemplate\":\"https:\\\/\\\/emaille-hiller.com\\\/de\\\/?s={search_term_string}\"},\"query-input\":{\"@type\":\"PropertyValueSpecification\",\"valueRequired\":true,\"valueName\":\"search_term_string\"}}],\"inLanguage\":\"de\"}]}<\/script>\n<!-- \/ Yoast SEO plugin. -->","yoast_head_json":{"title":"Malkasten mit 12 verschiedenen Farben - Emaille Hiller","robots":{"index":"index","follow":"follow","max-snippet":"max-snippet:-1","max-image-preview":"max-image-preview:large","max-video-preview":"max-video-preview:-1"},"canonical":"https:\/\/emaille-hiller.com\/de\/produkt\/malkasten-eine-farbe-cadium-gelb\/","og_locale":"de_DE","og_type":"article","og_title":"Malkasten mit 12 verschiedenen Farben - Emaille Hiller","og_description":"Ein idealer Helfer f\u00fcr Anf\u00e4nger und fortgeschrittene Emailleure. Die Farben werden mit ...","og_url":"https:\/\/emaille-hiller.com\/de\/produkt\/malkasten-eine-farbe-cadium-gelb\/","og_site_name":"Emaille Hiller","article_modified_time":"2026-03-20T17:02:37+00:00","og_image":[{"width":500,"height":375,"url":"https:\/\/emaille-hiller.com\/wp-content\/uploads\/2021\/01\/708_open.jpg","type":"image\/jpeg"}],"twitter_card":"summary_large_image","schema":{"@context":"https:\/\/schema.org","@graph":[{"@type":"WebPage","@id":"https:\/\/emaille-hiller.com\/de\/produkt\/malkasten-eine-farbe-cadium-gelb\/","url":"https:\/\/emaille-hiller.com\/de\/produkt\/malkasten-eine-farbe-cadium-gelb\/","name":"Malkasten mit 12 verschiedenen Farben - Emaille Hiller","isPartOf":{"@id":"https:\/\/emaille-hiller.com\/de\/#website"},"primaryImageOfPage":{"@id":"https:\/\/emaille-hiller.com\/de\/produkt\/malkasten-eine-farbe-cadium-gelb\/#primaryimage"},"image":{"@id":"https:\/\/emaille-hiller.com\/de\/produkt\/malkasten-eine-farbe-cadium-gelb\/#primaryimage"},"thumbnailUrl":"https:\/\/emaille-hiller.com\/wp-content\/uploads\/2021\/01\/708_open.jpg","datePublished":"2021-01-25T13:56:39+00:00","dateModified":"2026-03-20T17:02:37+00:00","breadcrumb":{"@id":"https:\/\/emaille-hiller.com\/de\/produkt\/malkasten-eine-farbe-cadium-gelb\/#breadcrumb"},"inLanguage":"de","potentialAction":[{"@type":"ReadAction","target":["https:\/\/emaille-hiller.com\/de\/produkt\/malkasten-eine-farbe-cadium-gelb\/"]}]},{"@type":"ImageObject","inLanguage":"de","@id":"https:\/\/emaille-hiller.com\/de\/produkt\/malkasten-eine-farbe-cadium-gelb\/#primaryimage","url":"https:\/\/emaille-hiller.com\/wp-content\/uploads\/2021\/01\/708_open.jpg","contentUrl":"https:\/\/emaille-hiller.com\/wp-content\/uploads\/2021\/01\/708_open.jpg","width":500,"height":375},{"@type":"BreadcrumbList","@id":"https:\/\/emaille-hiller.com\/de\/produkt\/malkasten-eine-farbe-cadium-gelb\/#breadcrumb","itemListElement":[{"@type":"ListItem","position":1,"name":"Home","item":"https:\/\/emaille-hiller.com\/de\/home\/"},{"@type":"ListItem","position":2,"name":"Shop","item":"https:\/\/emaille-hiller.com\/de\/shop-2\/"},{"@type":"ListItem","position":3,"name":"Malkasten mit 12 verschiedenen Farben"}]},{"@type":"WebSite","@id":"https:\/\/emaille-hiller.com\/de\/#website","url":"https:\/\/emaille-hiller.com\/de\/","name":"Emaille Hiller","description":"All you need for enameling","potentialAction":[{"@type":"SearchAction","target":{"@type":"EntryPoint","urlTemplate":"https:\/\/emaille-hiller.com\/de\/?s={search_term_string}"},"query-input":{"@type":"PropertyValueSpecification","valueRequired":true,"valueName":"search_term_string"}}],"inLanguage":"de"}]}},"jetpack_sharing_enabled":true,"_links":{"self":[{"href":"https:\/\/emaille-hiller.com\/de\/wp-json\/wp\/v2\/product\/81903","targetHints":{"allow":["GET"]}}],"collection":[{"href":"https:\/\/emaille-hiller.com\/de\/wp-json\/wp\/v2\/product"}],"about":[{"href":"https:\/\/emaille-hiller.com\/de\/wp-json\/wp\/v2\/types\/product"}],"wp:featuredmedia":[{"embeddable":true,"href":"https:\/\/emaille-hiller.com\/de\/wp-json\/wp\/v2\/media\/37548"}],"wp:attachment":[{"href":"https:\/\/emaille-hiller.com\/de\/wp-json\/wp\/v2\/media?parent=81903"}],"wp:term":[{"taxonomy":"product_brand","embeddable":true,"href":"https:\/\/emaille-hiller.com\/de\/wp-json\/wp\/v2\/product_brand?post=81903"},{"taxonomy":"product_cat","embeddable":true,"href":"https:\/\/emaille-hiller.com\/de\/wp-json\/wp\/v2\/product_cat?post=81903"},{"taxonomy":"product_tag","embeddable":true,"href":"https:\/\/emaille-hiller.com\/de\/wp-json\/wp\/v2\/product_tag?post=81903"}],"curies":[{"name":"wp","href":"https:\/\/api.w.org\/{rel}","templated":true}]}}