{"id":81622,"date":"2021-01-30T19:56:30","date_gmt":"2021-12-08T12:32:57","guid":{"rendered":"https:\/\/emaille-hiller.com\/product\/anhaenger-kreuz-528\/"},"modified":"2023-03-07T15:37:48","modified_gmt":"2023-03-07T14:37:48","slug":"anhanger-kreuz-528","status":"publish","type":"product","link":"https:\/\/emaille-hiller.com\/de\/produkt\/anhanger-kreuz-528\/","title":{"rendered":"Anh\u00e4nger Kreuz 528"},"content":{"rendered":"<p><strong>Gr\u00f6\u00dfe:<\/strong> 28&#215;20 mm<\/p>\n<p><strong>Dicke:<\/strong> 0.8 mm<\/p>\n<p>&nbsp;<\/p>\n","protected":false},"excerpt":{"rendered":"<p>Gr\u00f6\u00dfe: 28&#215;20 mm Dicke: 0.8 mm &nbsp;<\/p>\n","protected":false},"featured_media":37300,"template":"","meta":{"_bbp_topic_count":0,"_bbp_reply_count":0,"_bbp_total_topic_count":0,"_bbp_total_reply_count":0,"_bbp_voice_count":0,"_bbp_anonymous_reply_count":0,"_bbp_topic_count_hidden":0,"_bbp_reply_count_hidden":0,"_bbp_forum_subforum_count":0},"product_brand":[],"product_cat":[243,238],"product_tag":[],"class_list":{"0":"post-81622","1":"product","2":"type-product","3":"status-publish","4":"has-post-thumbnail","6":"product_cat-anhanger","7":"product_cat-kupferrohlinge","9":"first","10":"instock","11":"taxable","12":"shipping-taxable","13":"purchasable","14":"product-type-variable"},"supplier_id":null,"supplier_sku":"","barcode":null,"atum_controlled":true,"out_stock_date":null,"out_stock_threshold":null,"inheritable":false,"inbound_stock":0,"stock_on_hold":0,"sold_today":0,"sales_last_days":2,"reserved_stock":0,"customer_returns":0,"warehouse_damage":0,"lost_in_post":0,"other_logs":0,"out_stock_days":0,"lost_sales":0,"has_location":false,"update_date":"2025-12-19T15:27:36","atum_locations":[],"atum_stock_status":"instock","restock_status":false,"low_stock_amount":"","sales_update_date":"2023-03-07T13:30:40","calc_backorders":null,"yoast_head":"<!-- This site is optimized with the Yoast SEO plugin v27.3 - https:\/\/yoast.com\/product\/yoast-seo-wordpress\/ -->\n<title>Anh\u00e4nger Kreuz 528 - Emaille Hiller<\/title>\n<meta name=\"robots\" content=\"index, follow, max-snippet:-1, max-image-preview:large, max-video-preview:-1\" \/>\n<link rel=\"canonical\" href=\"https:\/\/emaille-hiller.com\/de\/produkt\/anhanger-kreuz-528\/\" \/>\n<meta property=\"og:locale\" content=\"de_DE\" \/>\n<meta property=\"og:type\" content=\"article\" \/>\n<meta property=\"og:title\" content=\"Anh\u00e4nger Kreuz 528 - Emaille Hiller\" \/>\n<meta property=\"og:description\" content=\"Gr\u00f6\u00dfe: 28&#215;20 mm Dicke: 0.8 mm &nbsp;\" \/>\n<meta property=\"og:url\" content=\"https:\/\/emaille-hiller.com\/de\/produkt\/anhanger-kreuz-528\/\" \/>\n<meta property=\"og:site_name\" content=\"Emaille Hiller\" \/>\n<meta property=\"article:modified_time\" content=\"2023-03-07T14:37:48+00:00\" \/>\n<meta property=\"og:image\" content=\"https:\/\/emaille-hiller.com\/wp-content\/uploads\/2021\/03\/CB_528.jpg\" \/>\n\t<meta property=\"og:image:width\" content=\"496\" \/>\n\t<meta property=\"og:image:height\" content=\"496\" \/>\n\t<meta property=\"og:image:type\" content=\"image\/jpeg\" \/>\n<meta name=\"twitter:card\" content=\"summary_large_image\" \/>\n<script type=\"application\/ld+json\" class=\"yoast-schema-graph\">{\"@context\":\"https:\\\/\\\/schema.org\",\"@graph\":[{\"@type\":\"WebPage\",\"@id\":\"https:\\\/\\\/emaille-hiller.com\\\/de\\\/produkt\\\/anhanger-kreuz-528\\\/\",\"url\":\"https:\\\/\\\/emaille-hiller.com\\\/de\\\/produkt\\\/anhanger-kreuz-528\\\/\",\"name\":\"Anh\u00e4nger Kreuz 528 - Emaille Hiller\",\"isPartOf\":{\"@id\":\"https:\\\/\\\/emaille-hiller.com\\\/de\\\/#website\"},\"primaryImageOfPage\":{\"@id\":\"https:\\\/\\\/emaille-hiller.com\\\/de\\\/produkt\\\/anhanger-kreuz-528\\\/#primaryimage\"},\"image\":{\"@id\":\"https:\\\/\\\/emaille-hiller.com\\\/de\\\/produkt\\\/anhanger-kreuz-528\\\/#primaryimage\"},\"thumbnailUrl\":\"https:\\\/\\\/emaille-hiller.com\\\/wp-content\\\/uploads\\\/2021\\\/03\\\/CB_528.jpg\",\"datePublished\":\"2021-12-08T12:32:57+00:00\",\"dateModified\":\"2023-03-07T14:37:48+00:00\",\"breadcrumb\":{\"@id\":\"https:\\\/\\\/emaille-hiller.com\\\/de\\\/produkt\\\/anhanger-kreuz-528\\\/#breadcrumb\"},\"inLanguage\":\"de\",\"potentialAction\":[{\"@type\":\"ReadAction\",\"target\":[\"https:\\\/\\\/emaille-hiller.com\\\/de\\\/produkt\\\/anhanger-kreuz-528\\\/\"]}]},{\"@type\":\"ImageObject\",\"inLanguage\":\"de\",\"@id\":\"https:\\\/\\\/emaille-hiller.com\\\/de\\\/produkt\\\/anhanger-kreuz-528\\\/#primaryimage\",\"url\":\"https:\\\/\\\/emaille-hiller.com\\\/wp-content\\\/uploads\\\/2021\\\/03\\\/CB_528.jpg\",\"contentUrl\":\"https:\\\/\\\/emaille-hiller.com\\\/wp-content\\\/uploads\\\/2021\\\/03\\\/CB_528.jpg\",\"width\":496,\"height\":496},{\"@type\":\"BreadcrumbList\",\"@id\":\"https:\\\/\\\/emaille-hiller.com\\\/de\\\/produkt\\\/anhanger-kreuz-528\\\/#breadcrumb\",\"itemListElement\":[{\"@type\":\"ListItem\",\"position\":1,\"name\":\"Home\",\"item\":\"https:\\\/\\\/emaille-hiller.com\\\/de\\\/home\\\/\"},{\"@type\":\"ListItem\",\"position\":2,\"name\":\"Shop\",\"item\":\"https:\\\/\\\/emaille-hiller.com\\\/de\\\/shop-2\\\/\"},{\"@type\":\"ListItem\",\"position\":3,\"name\":\"Anh\u00e4nger Kreuz 528\"}]},{\"@type\":\"WebSite\",\"@id\":\"https:\\\/\\\/emaille-hiller.com\\\/de\\\/#website\",\"url\":\"https:\\\/\\\/emaille-hiller.com\\\/de\\\/\",\"name\":\"Emaille Hiller\",\"description\":\"All you need for enameling\",\"potentialAction\":[{\"@type\":\"SearchAction\",\"target\":{\"@type\":\"EntryPoint\",\"urlTemplate\":\"https:\\\/\\\/emaille-hiller.com\\\/de\\\/?s={search_term_string}\"},\"query-input\":{\"@type\":\"PropertyValueSpecification\",\"valueRequired\":true,\"valueName\":\"search_term_string\"}}],\"inLanguage\":\"de\"}]}<\/script>\n<!-- \/ Yoast SEO plugin. -->","yoast_head_json":{"title":"Anh\u00e4nger Kreuz 528 - Emaille Hiller","robots":{"index":"index","follow":"follow","max-snippet":"max-snippet:-1","max-image-preview":"max-image-preview:large","max-video-preview":"max-video-preview:-1"},"canonical":"https:\/\/emaille-hiller.com\/de\/produkt\/anhanger-kreuz-528\/","og_locale":"de_DE","og_type":"article","og_title":"Anh\u00e4nger Kreuz 528 - Emaille Hiller","og_description":"Gr\u00f6\u00dfe: 28&#215;20 mm Dicke: 0.8 mm &nbsp;","og_url":"https:\/\/emaille-hiller.com\/de\/produkt\/anhanger-kreuz-528\/","og_site_name":"Emaille Hiller","article_modified_time":"2023-03-07T14:37:48+00:00","og_image":[{"width":496,"height":496,"url":"https:\/\/emaille-hiller.com\/wp-content\/uploads\/2021\/03\/CB_528.jpg","type":"image\/jpeg"}],"twitter_card":"summary_large_image","schema":{"@context":"https:\/\/schema.org","@graph":[{"@type":"WebPage","@id":"https:\/\/emaille-hiller.com\/de\/produkt\/anhanger-kreuz-528\/","url":"https:\/\/emaille-hiller.com\/de\/produkt\/anhanger-kreuz-528\/","name":"Anh\u00e4nger Kreuz 528 - Emaille Hiller","isPartOf":{"@id":"https:\/\/emaille-hiller.com\/de\/#website"},"primaryImageOfPage":{"@id":"https:\/\/emaille-hiller.com\/de\/produkt\/anhanger-kreuz-528\/#primaryimage"},"image":{"@id":"https:\/\/emaille-hiller.com\/de\/produkt\/anhanger-kreuz-528\/#primaryimage"},"thumbnailUrl":"https:\/\/emaille-hiller.com\/wp-content\/uploads\/2021\/03\/CB_528.jpg","datePublished":"2021-12-08T12:32:57+00:00","dateModified":"2023-03-07T14:37:48+00:00","breadcrumb":{"@id":"https:\/\/emaille-hiller.com\/de\/produkt\/anhanger-kreuz-528\/#breadcrumb"},"inLanguage":"de","potentialAction":[{"@type":"ReadAction","target":["https:\/\/emaille-hiller.com\/de\/produkt\/anhanger-kreuz-528\/"]}]},{"@type":"ImageObject","inLanguage":"de","@id":"https:\/\/emaille-hiller.com\/de\/produkt\/anhanger-kreuz-528\/#primaryimage","url":"https:\/\/emaille-hiller.com\/wp-content\/uploads\/2021\/03\/CB_528.jpg","contentUrl":"https:\/\/emaille-hiller.com\/wp-content\/uploads\/2021\/03\/CB_528.jpg","width":496,"height":496},{"@type":"BreadcrumbList","@id":"https:\/\/emaille-hiller.com\/de\/produkt\/anhanger-kreuz-528\/#breadcrumb","itemListElement":[{"@type":"ListItem","position":1,"name":"Home","item":"https:\/\/emaille-hiller.com\/de\/home\/"},{"@type":"ListItem","position":2,"name":"Shop","item":"https:\/\/emaille-hiller.com\/de\/shop-2\/"},{"@type":"ListItem","position":3,"name":"Anh\u00e4nger Kreuz 528"}]},{"@type":"WebSite","@id":"https:\/\/emaille-hiller.com\/de\/#website","url":"https:\/\/emaille-hiller.com\/de\/","name":"Emaille Hiller","description":"All you need for enameling","potentialAction":[{"@type":"SearchAction","target":{"@type":"EntryPoint","urlTemplate":"https:\/\/emaille-hiller.com\/de\/?s={search_term_string}"},"query-input":{"@type":"PropertyValueSpecification","valueRequired":true,"valueName":"search_term_string"}}],"inLanguage":"de"}]}},"jetpack_sharing_enabled":true,"_links":{"self":[{"href":"https:\/\/emaille-hiller.com\/de\/wp-json\/wp\/v2\/product\/81622","targetHints":{"allow":["GET"]}}],"collection":[{"href":"https:\/\/emaille-hiller.com\/de\/wp-json\/wp\/v2\/product"}],"about":[{"href":"https:\/\/emaille-hiller.com\/de\/wp-json\/wp\/v2\/types\/product"}],"wp:featuredmedia":[{"embeddable":true,"href":"https:\/\/emaille-hiller.com\/de\/wp-json\/wp\/v2\/media\/37300"}],"wp:attachment":[{"href":"https:\/\/emaille-hiller.com\/de\/wp-json\/wp\/v2\/media?parent=81622"}],"wp:term":[{"taxonomy":"product_brand","embeddable":true,"href":"https:\/\/emaille-hiller.com\/de\/wp-json\/wp\/v2\/product_brand?post=81622"},{"taxonomy":"product_cat","embeddable":true,"href":"https:\/\/emaille-hiller.com\/de\/wp-json\/wp\/v2\/product_cat?post=81622"},{"taxonomy":"product_tag","embeddable":true,"href":"https:\/\/emaille-hiller.com\/de\/wp-json\/wp\/v2\/product_tag?post=81622"}],"curies":[{"name":"wp","href":"https:\/\/api.w.org\/{rel}","templated":true}]}}