{"id":75791,"date":"2021-01-25T15:40:34","date_gmt":"2021-12-07T21:20:05","guid":{"rendered":"https:\/\/emaille-hiller.com\/product\/emaillestreusieb-420\/"},"modified":"2025-10-07T19:58:53","modified_gmt":"2025-10-07T17:58:53","slug":"emaillestreusieb","status":"publish","type":"product","link":"https:\/\/emaille-hiller.com\/de\/produkt\/emaillestreusieb\/","title":{"rendered":"Emaillestreusieb 420"},"content":{"rendered":"<p>Der erh\u00f6hte Streusiebdurchmesser eines Emaillestreusiebs erm\u00f6glicht das optimale Besieben gr\u00f6\u00dferer Oberfl\u00e4chen. Dieses kann einfach gereinigt werden, wodurch mehrere Farben nacheinander verwendet werden k\u00f6nnen. <strong>Abmessungen: 80mm, Gewicht: 40g<\/strong><\/p>\n","protected":false},"excerpt":{"rendered":"<p>Der erh\u00f6hte Streusiebdurchmesser eines Emaillestreusiebs erm\u00f6glicht das optimale Besieben gr\u00f6\u00dferer Oberfl\u00e4chen. Dieses  &#8230;<\/p>\n","protected":false},"featured_media":37568,"template":"","meta":{"_bbp_topic_count":0,"_bbp_reply_count":0,"_bbp_total_topic_count":0,"_bbp_total_reply_count":0,"_bbp_voice_count":0,"_bbp_anonymous_reply_count":0,"_bbp_topic_count_hidden":0,"_bbp_reply_count_hidden":0,"_bbp_forum_subforum_count":0},"product_brand":[],"product_cat":[237],"product_tag":[],"class_list":{"0":"post-75791","1":"product","2":"type-product","3":"status-publish","4":"has-post-thumbnail","6":"product_cat-zubehor-werkzeuge","8":"first","9":"outofstock","10":"taxable","11":"shipping-taxable","12":"purchasable","13":"product-type-simple"},"supplier_id":null,"supplier_sku":"9940253","barcode":null,"atum_controlled":true,"out_stock_date":null,"out_stock_threshold":null,"inheritable":false,"inbound_stock":0,"stock_on_hold":2,"sold_today":0,"sales_last_days":0,"reserved_stock":0,"customer_returns":0,"warehouse_damage":0,"lost_in_post":0,"other_logs":0,"out_stock_days":0,"lost_sales":0,"has_location":false,"update_date":"2026-03-10T18:51:10","atum_locations":[],"atum_stock_status":"outofstock","restock_status":false,"low_stock_amount":"","sales_update_date":"2026-03-10T18:51:10","calc_backorders":null,"yoast_head":"<!-- This site is optimized with the Yoast SEO plugin v27.4 - https:\/\/yoast.com\/product\/yoast-seo-wordpress\/ -->\n<title>Emaillestreusieb 420 - Emaille Hiller<\/title>\n<meta name=\"robots\" content=\"index, follow, max-snippet:-1, max-image-preview:large, max-video-preview:-1\" \/>\n<link rel=\"canonical\" href=\"https:\/\/emaille-hiller.com\/de\/produkt\/emaillestreusieb\/\" \/>\n<meta property=\"og:locale\" content=\"de_DE\" \/>\n<meta property=\"og:type\" content=\"article\" \/>\n<meta property=\"og:title\" content=\"Emaillestreusieb 420 - Emaille Hiller\" \/>\n<meta property=\"og:description\" content=\"Der erh\u00f6hte Streusiebdurchmesser eines Emaillestreusiebs erm\u00f6glicht das optimale Besieben gr\u00f6\u00dferer Oberfl\u00e4chen. Dieses ...\" \/>\n<meta property=\"og:url\" content=\"https:\/\/emaille-hiller.com\/de\/produkt\/emaillestreusieb\/\" \/>\n<meta property=\"og:site_name\" content=\"Emaille Hiller\" \/>\n<meta property=\"article:modified_time\" content=\"2025-10-07T17:58:53+00:00\" \/>\n<meta property=\"og:image\" content=\"https:\/\/emaille-hiller.com\/wp-content\/uploads\/2021\/01\/420.jpg\" \/>\n\t<meta property=\"og:image:width\" content=\"496\" \/>\n\t<meta property=\"og:image:height\" content=\"496\" \/>\n\t<meta property=\"og:image:type\" content=\"image\/jpeg\" \/>\n<meta name=\"twitter:card\" content=\"summary_large_image\" \/>\n<script type=\"application\/ld+json\" class=\"yoast-schema-graph\">{\"@context\":\"https:\\\/\\\/schema.org\",\"@graph\":[{\"@type\":\"WebPage\",\"@id\":\"https:\\\/\\\/emaille-hiller.com\\\/de\\\/produkt\\\/emaillestreusieb\\\/\",\"url\":\"https:\\\/\\\/emaille-hiller.com\\\/de\\\/produkt\\\/emaillestreusieb\\\/\",\"name\":\"Emaillestreusieb 420 - Emaille Hiller\",\"isPartOf\":{\"@id\":\"https:\\\/\\\/emaille-hiller.com\\\/de\\\/#website\"},\"primaryImageOfPage\":{\"@id\":\"https:\\\/\\\/emaille-hiller.com\\\/de\\\/produkt\\\/emaillestreusieb\\\/#primaryimage\"},\"image\":{\"@id\":\"https:\\\/\\\/emaille-hiller.com\\\/de\\\/produkt\\\/emaillestreusieb\\\/#primaryimage\"},\"thumbnailUrl\":\"https:\\\/\\\/emaille-hiller.com\\\/wp-content\\\/uploads\\\/2021\\\/01\\\/420.jpg\",\"datePublished\":\"2021-12-07T21:20:05+00:00\",\"dateModified\":\"2025-10-07T17:58:53+00:00\",\"breadcrumb\":{\"@id\":\"https:\\\/\\\/emaille-hiller.com\\\/de\\\/produkt\\\/emaillestreusieb\\\/#breadcrumb\"},\"inLanguage\":\"de\",\"potentialAction\":[{\"@type\":\"ReadAction\",\"target\":[\"https:\\\/\\\/emaille-hiller.com\\\/de\\\/produkt\\\/emaillestreusieb\\\/\"]}]},{\"@type\":\"ImageObject\",\"inLanguage\":\"de\",\"@id\":\"https:\\\/\\\/emaille-hiller.com\\\/de\\\/produkt\\\/emaillestreusieb\\\/#primaryimage\",\"url\":\"https:\\\/\\\/emaille-hiller.com\\\/wp-content\\\/uploads\\\/2021\\\/01\\\/420.jpg\",\"contentUrl\":\"https:\\\/\\\/emaille-hiller.com\\\/wp-content\\\/uploads\\\/2021\\\/01\\\/420.jpg\",\"width\":496,\"height\":496},{\"@type\":\"BreadcrumbList\",\"@id\":\"https:\\\/\\\/emaille-hiller.com\\\/de\\\/produkt\\\/emaillestreusieb\\\/#breadcrumb\",\"itemListElement\":[{\"@type\":\"ListItem\",\"position\":1,\"name\":\"Home\",\"item\":\"https:\\\/\\\/emaille-hiller.com\\\/de\\\/home\\\/\"},{\"@type\":\"ListItem\",\"position\":2,\"name\":\"Shop\",\"item\":\"https:\\\/\\\/emaille-hiller.com\\\/de\\\/shop-2\\\/\"},{\"@type\":\"ListItem\",\"position\":3,\"name\":\"Emaillestreusieb 420\"}]},{\"@type\":\"WebSite\",\"@id\":\"https:\\\/\\\/emaille-hiller.com\\\/de\\\/#website\",\"url\":\"https:\\\/\\\/emaille-hiller.com\\\/de\\\/\",\"name\":\"Emaille Hiller\",\"description\":\"All you need for enameling\",\"potentialAction\":[{\"@type\":\"SearchAction\",\"target\":{\"@type\":\"EntryPoint\",\"urlTemplate\":\"https:\\\/\\\/emaille-hiller.com\\\/de\\\/?s={search_term_string}\"},\"query-input\":{\"@type\":\"PropertyValueSpecification\",\"valueRequired\":true,\"valueName\":\"search_term_string\"}}],\"inLanguage\":\"de\"}]}<\/script>\n<!-- \/ Yoast SEO plugin. -->","yoast_head_json":{"title":"Emaillestreusieb 420 - Emaille Hiller","robots":{"index":"index","follow":"follow","max-snippet":"max-snippet:-1","max-image-preview":"max-image-preview:large","max-video-preview":"max-video-preview:-1"},"canonical":"https:\/\/emaille-hiller.com\/de\/produkt\/emaillestreusieb\/","og_locale":"de_DE","og_type":"article","og_title":"Emaillestreusieb 420 - Emaille Hiller","og_description":"Der erh\u00f6hte Streusiebdurchmesser eines Emaillestreusiebs erm\u00f6glicht das optimale Besieben gr\u00f6\u00dferer Oberfl\u00e4chen. Dieses ...","og_url":"https:\/\/emaille-hiller.com\/de\/produkt\/emaillestreusieb\/","og_site_name":"Emaille Hiller","article_modified_time":"2025-10-07T17:58:53+00:00","og_image":[{"width":496,"height":496,"url":"https:\/\/emaille-hiller.com\/wp-content\/uploads\/2021\/01\/420.jpg","type":"image\/jpeg"}],"twitter_card":"summary_large_image","schema":{"@context":"https:\/\/schema.org","@graph":[{"@type":"WebPage","@id":"https:\/\/emaille-hiller.com\/de\/produkt\/emaillestreusieb\/","url":"https:\/\/emaille-hiller.com\/de\/produkt\/emaillestreusieb\/","name":"Emaillestreusieb 420 - Emaille Hiller","isPartOf":{"@id":"https:\/\/emaille-hiller.com\/de\/#website"},"primaryImageOfPage":{"@id":"https:\/\/emaille-hiller.com\/de\/produkt\/emaillestreusieb\/#primaryimage"},"image":{"@id":"https:\/\/emaille-hiller.com\/de\/produkt\/emaillestreusieb\/#primaryimage"},"thumbnailUrl":"https:\/\/emaille-hiller.com\/wp-content\/uploads\/2021\/01\/420.jpg","datePublished":"2021-12-07T21:20:05+00:00","dateModified":"2025-10-07T17:58:53+00:00","breadcrumb":{"@id":"https:\/\/emaille-hiller.com\/de\/produkt\/emaillestreusieb\/#breadcrumb"},"inLanguage":"de","potentialAction":[{"@type":"ReadAction","target":["https:\/\/emaille-hiller.com\/de\/produkt\/emaillestreusieb\/"]}]},{"@type":"ImageObject","inLanguage":"de","@id":"https:\/\/emaille-hiller.com\/de\/produkt\/emaillestreusieb\/#primaryimage","url":"https:\/\/emaille-hiller.com\/wp-content\/uploads\/2021\/01\/420.jpg","contentUrl":"https:\/\/emaille-hiller.com\/wp-content\/uploads\/2021\/01\/420.jpg","width":496,"height":496},{"@type":"BreadcrumbList","@id":"https:\/\/emaille-hiller.com\/de\/produkt\/emaillestreusieb\/#breadcrumb","itemListElement":[{"@type":"ListItem","position":1,"name":"Home","item":"https:\/\/emaille-hiller.com\/de\/home\/"},{"@type":"ListItem","position":2,"name":"Shop","item":"https:\/\/emaille-hiller.com\/de\/shop-2\/"},{"@type":"ListItem","position":3,"name":"Emaillestreusieb 420"}]},{"@type":"WebSite","@id":"https:\/\/emaille-hiller.com\/de\/#website","url":"https:\/\/emaille-hiller.com\/de\/","name":"Emaille Hiller","description":"All you need for enameling","potentialAction":[{"@type":"SearchAction","target":{"@type":"EntryPoint","urlTemplate":"https:\/\/emaille-hiller.com\/de\/?s={search_term_string}"},"query-input":{"@type":"PropertyValueSpecification","valueRequired":true,"valueName":"search_term_string"}}],"inLanguage":"de"}]}},"jetpack_sharing_enabled":true,"_links":{"self":[{"href":"https:\/\/emaille-hiller.com\/de\/wp-json\/wp\/v2\/product\/75791","targetHints":{"allow":["GET"]}}],"collection":[{"href":"https:\/\/emaille-hiller.com\/de\/wp-json\/wp\/v2\/product"}],"about":[{"href":"https:\/\/emaille-hiller.com\/de\/wp-json\/wp\/v2\/types\/product"}],"wp:featuredmedia":[{"embeddable":true,"href":"https:\/\/emaille-hiller.com\/de\/wp-json\/wp\/v2\/media\/37568"}],"wp:attachment":[{"href":"https:\/\/emaille-hiller.com\/de\/wp-json\/wp\/v2\/media?parent=75791"}],"wp:term":[{"taxonomy":"product_brand","embeddable":true,"href":"https:\/\/emaille-hiller.com\/de\/wp-json\/wp\/v2\/product_brand?post=75791"},{"taxonomy":"product_cat","embeddable":true,"href":"https:\/\/emaille-hiller.com\/de\/wp-json\/wp\/v2\/product_cat?post=75791"},{"taxonomy":"product_tag","embeddable":true,"href":"https:\/\/emaille-hiller.com\/de\/wp-json\/wp\/v2\/product_tag?post=75791"}],"curies":[{"name":"wp","href":"https:\/\/api.w.org\/{rel}","templated":true}]}}