{"id":75788,"date":"2021-01-25T12:57:01","date_gmt":"2021-12-07T21:12:13","guid":{"rendered":"https:\/\/emaille-hiller.com\/product\/brennofen-efco-135\/"},"modified":"2022-01-16T08:38:39","modified_gmt":"2022-01-16T07:38:39","slug":"brennofen-efco-135","status":"publish","type":"product","link":"https:\/\/emaille-hiller.com\/de\/produkt\/brennofen-efco-135\/","title":{"rendered":"Brenn\u00f6fen EFCO 135"},"content":{"rendered":"<p>Dieser rundum beheizte Muffelofen ist sehr leistungsstark. Ausgestattet mit einer W\u00e4rmed\u00e4mmplatte in der Schwenkt\u00fcr, einer keramischen Feuerung und einem hitzebest\u00e4ndigen Metallanstrich bietet dieser Ofen alles, was Sie brauchen. Die hohe W\u00e4rmeleitf\u00e4higkeit erlaubt es Ihnen, alle Brenntechniken im Bereich von 400\u00b0C bis 1100\u00b0C anzuwenden. Au\u00dferdem k\u00f6nnen Sie diesen Ofen zum Brennen von Glas und Keramik sowie zum Gl\u00fchen und H\u00e4rten von Metallen und Werkzeugen verwenden.<\/p>\n<p><strong>Technische Daten<\/strong><\/p>\n<ul>\n<li>Max. Temperature : 1100\u00b0C<\/li>\n<li>Anschlusswert: 230V~, 900W, 6A<\/li>\n<li>Au\u00dfenma\u00dfe: 25 x 26 x 30cm<\/li>\n<li>Ma\u00dfe des Brennraumes: 9 x 14 x 15.5cm = 1100ccm<\/li>\n<li>Gewicht: 6.3 kg<\/li>\n<\/ul>\n<p>&nbsp;<\/p>\n","protected":false},"excerpt":{"rendered":"<p>Dieser rundum beheizte Muffelofen ist sehr leistungsstark. Ausgestattet mit einer W\u00e4rmed\u00e4mmplatte in  &#8230;<\/p>\n","protected":false},"featured_media":37118,"template":"","meta":{"_bbp_topic_count":0,"_bbp_reply_count":0,"_bbp_total_topic_count":0,"_bbp_total_reply_count":0,"_bbp_voice_count":0,"_bbp_anonymous_reply_count":0,"_bbp_topic_count_hidden":0,"_bbp_reply_count_hidden":0,"_bbp_forum_subforum_count":0},"product_brand":[],"product_cat":[247],"product_tag":[],"class_list":{"0":"post-75788","1":"product","2":"type-product","3":"status-publish","4":"has-post-thumbnail","6":"product_cat-brennofen","8":"first","9":"instock","10":"taxable","11":"shipping-taxable","12":"purchasable","13":"product-type-simple"},"supplier_id":null,"supplier_sku":"","barcode":null,"atum_controlled":true,"out_stock_date":null,"out_stock_threshold":null,"inheritable":false,"inbound_stock":0,"stock_on_hold":0,"sold_today":1,"sales_last_days":1,"reserved_stock":0,"customer_returns":0,"warehouse_damage":0,"lost_in_post":0,"other_logs":0,"out_stock_days":0,"lost_sales":0,"has_location":false,"update_date":"2025-12-19T13:41:24","atum_locations":[],"atum_stock_status":"instock","restock_status":false,"low_stock_amount":"","sales_update_date":"2025-12-19T13:41:24","calc_backorders":null,"yoast_head":"<!-- This site is optimized with the Yoast SEO plugin v27.4 - https:\/\/yoast.com\/product\/yoast-seo-wordpress\/ -->\n<title>Brenn\u00f6fen EFCO 135 - Emaille Hiller<\/title>\n<meta name=\"robots\" content=\"index, follow, max-snippet:-1, max-image-preview:large, max-video-preview:-1\" \/>\n<link rel=\"canonical\" href=\"https:\/\/emaille-hiller.com\/de\/produkt\/brennofen-efco-135\/\" \/>\n<meta property=\"og:locale\" content=\"de_DE\" \/>\n<meta property=\"og:type\" content=\"article\" \/>\n<meta property=\"og:title\" content=\"Brenn\u00f6fen EFCO 135 - Emaille Hiller\" \/>\n<meta property=\"og:description\" content=\"Dieser rundum beheizte Muffelofen ist sehr leistungsstark. Ausgestattet mit einer W\u00e4rmed\u00e4mmplatte in ...\" \/>\n<meta property=\"og:url\" content=\"https:\/\/emaille-hiller.com\/de\/produkt\/brennofen-efco-135\/\" \/>\n<meta property=\"og:site_name\" content=\"Emaille Hiller\" \/>\n<meta property=\"article:modified_time\" content=\"2022-01-16T07:38:39+00:00\" \/>\n<meta property=\"og:image\" content=\"https:\/\/emaille-hiller.com\/wp-content\/uploads\/2021\/02\/kiln_135.jpg\" \/>\n\t<meta property=\"og:image:width\" content=\"500\" \/>\n\t<meta property=\"og:image:height\" content=\"500\" \/>\n\t<meta property=\"og:image:type\" content=\"image\/jpeg\" \/>\n<meta name=\"twitter:card\" content=\"summary_large_image\" \/>\n<meta name=\"twitter:label1\" content=\"Gesch\u00e4tzte Lesezeit\" \/>\n\t<meta name=\"twitter:data1\" content=\"1\u00a0Minute\" \/>\n<script type=\"application\/ld+json\" class=\"yoast-schema-graph\">{\"@context\":\"https:\\\/\\\/schema.org\",\"@graph\":[{\"@type\":\"WebPage\",\"@id\":\"https:\\\/\\\/emaille-hiller.com\\\/de\\\/produkt\\\/brennofen-efco-135\\\/\",\"url\":\"https:\\\/\\\/emaille-hiller.com\\\/de\\\/produkt\\\/brennofen-efco-135\\\/\",\"name\":\"Brenn\u00f6fen EFCO 135 - Emaille Hiller\",\"isPartOf\":{\"@id\":\"https:\\\/\\\/emaille-hiller.com\\\/de\\\/#website\"},\"primaryImageOfPage\":{\"@id\":\"https:\\\/\\\/emaille-hiller.com\\\/de\\\/produkt\\\/brennofen-efco-135\\\/#primaryimage\"},\"image\":{\"@id\":\"https:\\\/\\\/emaille-hiller.com\\\/de\\\/produkt\\\/brennofen-efco-135\\\/#primaryimage\"},\"thumbnailUrl\":\"https:\\\/\\\/emaille-hiller.com\\\/wp-content\\\/uploads\\\/2021\\\/02\\\/kiln_135.jpg\",\"datePublished\":\"2021-12-07T21:12:13+00:00\",\"dateModified\":\"2022-01-16T07:38:39+00:00\",\"breadcrumb\":{\"@id\":\"https:\\\/\\\/emaille-hiller.com\\\/de\\\/produkt\\\/brennofen-efco-135\\\/#breadcrumb\"},\"inLanguage\":\"de\",\"potentialAction\":[{\"@type\":\"ReadAction\",\"target\":[\"https:\\\/\\\/emaille-hiller.com\\\/de\\\/produkt\\\/brennofen-efco-135\\\/\"]}]},{\"@type\":\"ImageObject\",\"inLanguage\":\"de\",\"@id\":\"https:\\\/\\\/emaille-hiller.com\\\/de\\\/produkt\\\/brennofen-efco-135\\\/#primaryimage\",\"url\":\"https:\\\/\\\/emaille-hiller.com\\\/wp-content\\\/uploads\\\/2021\\\/02\\\/kiln_135.jpg\",\"contentUrl\":\"https:\\\/\\\/emaille-hiller.com\\\/wp-content\\\/uploads\\\/2021\\\/02\\\/kiln_135.jpg\",\"width\":500,\"height\":500},{\"@type\":\"BreadcrumbList\",\"@id\":\"https:\\\/\\\/emaille-hiller.com\\\/de\\\/produkt\\\/brennofen-efco-135\\\/#breadcrumb\",\"itemListElement\":[{\"@type\":\"ListItem\",\"position\":1,\"name\":\"Home\",\"item\":\"https:\\\/\\\/emaille-hiller.com\\\/de\\\/home\\\/\"},{\"@type\":\"ListItem\",\"position\":2,\"name\":\"Shop\",\"item\":\"https:\\\/\\\/emaille-hiller.com\\\/de\\\/shop-2\\\/\"},{\"@type\":\"ListItem\",\"position\":3,\"name\":\"Brenn\u00f6fen EFCO 135\"}]},{\"@type\":\"WebSite\",\"@id\":\"https:\\\/\\\/emaille-hiller.com\\\/de\\\/#website\",\"url\":\"https:\\\/\\\/emaille-hiller.com\\\/de\\\/\",\"name\":\"Emaille Hiller\",\"description\":\"All you need for enameling\",\"potentialAction\":[{\"@type\":\"SearchAction\",\"target\":{\"@type\":\"EntryPoint\",\"urlTemplate\":\"https:\\\/\\\/emaille-hiller.com\\\/de\\\/?s={search_term_string}\"},\"query-input\":{\"@type\":\"PropertyValueSpecification\",\"valueRequired\":true,\"valueName\":\"search_term_string\"}}],\"inLanguage\":\"de\"}]}<\/script>\n<!-- \/ Yoast SEO plugin. -->","yoast_head_json":{"title":"Brenn\u00f6fen EFCO 135 - Emaille Hiller","robots":{"index":"index","follow":"follow","max-snippet":"max-snippet:-1","max-image-preview":"max-image-preview:large","max-video-preview":"max-video-preview:-1"},"canonical":"https:\/\/emaille-hiller.com\/de\/produkt\/brennofen-efco-135\/","og_locale":"de_DE","og_type":"article","og_title":"Brenn\u00f6fen EFCO 135 - Emaille Hiller","og_description":"Dieser rundum beheizte Muffelofen ist sehr leistungsstark. Ausgestattet mit einer W\u00e4rmed\u00e4mmplatte in ...","og_url":"https:\/\/emaille-hiller.com\/de\/produkt\/brennofen-efco-135\/","og_site_name":"Emaille Hiller","article_modified_time":"2022-01-16T07:38:39+00:00","og_image":[{"width":500,"height":500,"url":"https:\/\/emaille-hiller.com\/wp-content\/uploads\/2021\/02\/kiln_135.jpg","type":"image\/jpeg"}],"twitter_card":"summary_large_image","twitter_misc":{"Gesch\u00e4tzte Lesezeit":"1\u00a0Minute"},"schema":{"@context":"https:\/\/schema.org","@graph":[{"@type":"WebPage","@id":"https:\/\/emaille-hiller.com\/de\/produkt\/brennofen-efco-135\/","url":"https:\/\/emaille-hiller.com\/de\/produkt\/brennofen-efco-135\/","name":"Brenn\u00f6fen EFCO 135 - Emaille Hiller","isPartOf":{"@id":"https:\/\/emaille-hiller.com\/de\/#website"},"primaryImageOfPage":{"@id":"https:\/\/emaille-hiller.com\/de\/produkt\/brennofen-efco-135\/#primaryimage"},"image":{"@id":"https:\/\/emaille-hiller.com\/de\/produkt\/brennofen-efco-135\/#primaryimage"},"thumbnailUrl":"https:\/\/emaille-hiller.com\/wp-content\/uploads\/2021\/02\/kiln_135.jpg","datePublished":"2021-12-07T21:12:13+00:00","dateModified":"2022-01-16T07:38:39+00:00","breadcrumb":{"@id":"https:\/\/emaille-hiller.com\/de\/produkt\/brennofen-efco-135\/#breadcrumb"},"inLanguage":"de","potentialAction":[{"@type":"ReadAction","target":["https:\/\/emaille-hiller.com\/de\/produkt\/brennofen-efco-135\/"]}]},{"@type":"ImageObject","inLanguage":"de","@id":"https:\/\/emaille-hiller.com\/de\/produkt\/brennofen-efco-135\/#primaryimage","url":"https:\/\/emaille-hiller.com\/wp-content\/uploads\/2021\/02\/kiln_135.jpg","contentUrl":"https:\/\/emaille-hiller.com\/wp-content\/uploads\/2021\/02\/kiln_135.jpg","width":500,"height":500},{"@type":"BreadcrumbList","@id":"https:\/\/emaille-hiller.com\/de\/produkt\/brennofen-efco-135\/#breadcrumb","itemListElement":[{"@type":"ListItem","position":1,"name":"Home","item":"https:\/\/emaille-hiller.com\/de\/home\/"},{"@type":"ListItem","position":2,"name":"Shop","item":"https:\/\/emaille-hiller.com\/de\/shop-2\/"},{"@type":"ListItem","position":3,"name":"Brenn\u00f6fen EFCO 135"}]},{"@type":"WebSite","@id":"https:\/\/emaille-hiller.com\/de\/#website","url":"https:\/\/emaille-hiller.com\/de\/","name":"Emaille Hiller","description":"All you need for enameling","potentialAction":[{"@type":"SearchAction","target":{"@type":"EntryPoint","urlTemplate":"https:\/\/emaille-hiller.com\/de\/?s={search_term_string}"},"query-input":{"@type":"PropertyValueSpecification","valueRequired":true,"valueName":"search_term_string"}}],"inLanguage":"de"}]}},"jetpack_sharing_enabled":true,"_links":{"self":[{"href":"https:\/\/emaille-hiller.com\/de\/wp-json\/wp\/v2\/product\/75788","targetHints":{"allow":["GET"]}}],"collection":[{"href":"https:\/\/emaille-hiller.com\/de\/wp-json\/wp\/v2\/product"}],"about":[{"href":"https:\/\/emaille-hiller.com\/de\/wp-json\/wp\/v2\/types\/product"}],"wp:featuredmedia":[{"embeddable":true,"href":"https:\/\/emaille-hiller.com\/de\/wp-json\/wp\/v2\/media\/37118"}],"wp:attachment":[{"href":"https:\/\/emaille-hiller.com\/de\/wp-json\/wp\/v2\/media?parent=75788"}],"wp:term":[{"taxonomy":"product_brand","embeddable":true,"href":"https:\/\/emaille-hiller.com\/de\/wp-json\/wp\/v2\/product_brand?post=75788"},{"taxonomy":"product_cat","embeddable":true,"href":"https:\/\/emaille-hiller.com\/de\/wp-json\/wp\/v2\/product_cat?post=75788"},{"taxonomy":"product_tag","embeddable":true,"href":"https:\/\/emaille-hiller.com\/de\/wp-json\/wp\/v2\/product_tag?post=75788"}],"curies":[{"name":"wp","href":"https:\/\/api.w.org\/{rel}","templated":true}]}}